{"id":1015,"date":"2015-02-07T11:32:03","date_gmt":"2015-02-07T11:32:03","guid":{"rendered":"http:\/\/www.autek.es\/?page_id=1015"},"modified":"2019-05-30T15:49:52","modified_gmt":"2019-05-30T15:49:52","slug":"company","status":"publish","type":"page","link":"https:\/\/www.pstmail.eu\/es\/company\/","title":{"rendered":"Company"},"content":{"rendered":"<div class=\"fusion-fullwidth fullwidth-box fusion-builder-row-1 hundred-percent-fullwidth non-hundred-percent-height-scrolling\" style=\"background-color: rgba(255,255,255,0);background-position: center center;background-repeat: no-repeat;padding-top:0px;padding-right:0px;padding-bottom:0px;padding-left:0px;margin-bottom: 0px;margin-top: 0px;border-width: 0px 0px 0px 0px;border-color:#eae9e9;border-style:solid;\" ><div class=\"fusion-builder-row fusion-row\"><div class=\"fusion-layout-column fusion_builder_column fusion-builder-column-0 fusion_builder_column_1_1 1_1 fusion-one-full fusion-column-first fusion-column-last fusion-column-no-min-height\" style=\"margin-top:0px;margin-bottom:0px;\"><div class=\"fusion-column-wrapper fusion-flex-column-wrapper-legacy\" style=\"background-position:left top;background-repeat:no-repeat;-webkit-background-size:cover;-moz-background-size:cover;-o-background-size:cover;background-size:cover;padding: 0px 0px 0px 0px;\"><style type=\"text\/css\"><\/style><div class=\"fusion-title title fusion-title-1 fusion-title-text fusion-title-size-two\" style=\"margin-top:0px;margin-right:0px;margin-bottom:31px;margin-left:0px;\"><h2 class=\"title-heading-left\" style=\"margin:0;\">Autek<\/h2><span class=\"awb-title-spacer\"><\/span><div class=\"title-sep-container\"><div class=\"title-sep sep-double sep-solid\" style=\"border-color:#666666;\"><\/div><\/div><\/div>\n<span style=\"font-size: 16px; color: #ba1800;\">Desde 1998<\/span><\/p>\n<p>Autek es una empresa con un origen t\u00e9cnico y de ingenier\u00eda. Desde 1998, Autek ha desarrollado a medida, proyectos y soluciones de seguridad de la informaci\u00f3n, para entornos con los requisitos de seguridad m\u00e1s exigentes. Durante este tiempo se pueden distinguir tres l\u00edneas de trabajo<\/p>\n<ul>\n<li>Protecci\u00f3n perimetral<\/li>\n<li>Protocolos de red<\/li>\n<li>Seguridad de puesto de trabajo<\/li>\n<\/ul>\n<p>Fruto de esa experiencia, a partir de 2010, Autek desarrolla y comercializa la l\u00ednea de productos de interconexi\u00f3n\u00a0<a title=\"PSTgateways\" href=\"\/?page_id=1591\">PSTgateways.<\/a><\/p>\n<div class=\"fusion-clearfix\"><\/div><\/div><\/div><div class=\"fusion-layout-column fusion_builder_column fusion-builder-column-1 fusion_builder_column_1_1 1_1 fusion-one-full fusion-column-first fusion-column-last fusion-column-no-min-height\" style=\"margin-top:0px;margin-bottom:0px;\"><div class=\"fusion-column-wrapper fusion-flex-column-wrapper-legacy\" style=\"background-position:left top;background-repeat:no-repeat;-webkit-background-size:cover;-moz-background-size:cover;-o-background-size:cover;background-size:cover;padding: 0px 0px 0px 0px;\"><style type=\"text\/css\"><\/style><div class=\"fusion-title title fusion-title-2 fusion-title-text fusion-title-size-three\" style=\"margin-top:0px;margin-right:0px;margin-bottom:31px;margin-left:0px;\"><h3 class=\"title-heading-left\" style=\"margin:0;\">Qu\u00e9 nos caracteriza<\/h3><span class=\"awb-title-spacer\"><\/span><div class=\"title-sep-container\"><div class=\"title-sep sep-single sep-solid\" style=\"border-color:#666666;\"><\/div><\/div><\/div>\n<p>Nuestras soluciones est\u00e1n dirigidas a entornos donde los requisitos de seguridad son muy elevados y nuestro compromiso es garantizar la seguridad de nuestros productos. La evaluaci\u00f3n y certificaci\u00f3n &#8216;Common Criteria&#8217; de nuestros productos, obliga a una aproximaci\u00f3n sistem\u00e1tica al an\u00e1lisis de amenazas y selecci\u00f3n de medidas de seguridad para hacerlas frente. Aunque la certificaci\u00f3n no es perfecta y no garantiza autom\u00e1ticamente que un producto sea seguro, s\u00ed que es una condici\u00f3n necesaria. No nos limitamos a confiar solo en el an\u00e1lisis de seguridad de &#8216;Common Criteria&#8217; sino que sometemos nuestros productos a an\u00e1lisis independientes de vulnerabilidades.<\/p>\n<p><img class=\"aligncenter wp-image-334 size-full\" src=\"http:\/\/www.pstmail.eu\/wp-content\/uploads\/2014\/09\/methodology.png\" alt=\"Methodology\" width=\"690\" height=\"140\" srcset=\"https:\/\/www.pstmail.eu\/wp-content\/uploads\/2014\/09\/methodology-300x60.png 300w, https:\/\/www.pstmail.eu\/wp-content\/uploads\/2014\/09\/methodology.png 690w\" sizes=\"(max-width: 690px) 100vw, 690px\" \/><div class=\"fusion-clearfix\"><\/div><\/div><\/div><\/div><style type=\"text\/css\">.fusion-fullwidth.fusion-builder-row-1 { overflow:visible; }<\/style><\/div>\n","protected":false},"excerpt":{"rendered":"","protected":false},"author":5,"featured_media":0,"parent":0,"menu_order":0,"comment_status":"open","ping_status":"open","template":"","meta":[],"_links":{"self":[{"href":"https:\/\/www.pstmail.eu\/es\/wp-json\/wp\/v2\/pages\/1015"}],"collection":[{"href":"https:\/\/www.pstmail.eu\/es\/wp-json\/wp\/v2\/pages"}],"about":[{"href":"https:\/\/www.pstmail.eu\/es\/wp-json\/wp\/v2\/types\/page"}],"author":[{"embeddable":true,"href":"https:\/\/www.pstmail.eu\/es\/wp-json\/wp\/v2\/users\/5"}],"replies":[{"embeddable":true,"href":"https:\/\/www.pstmail.eu\/es\/wp-json\/wp\/v2\/comments?post=1015"}],"version-history":[{"count":13,"href":"https:\/\/www.pstmail.eu\/es\/wp-json\/wp\/v2\/pages\/1015\/revisions"}],"predecessor-version":[{"id":2061,"href":"https:\/\/www.pstmail.eu\/es\/wp-json\/wp\/v2\/pages\/1015\/revisions\/2061"}],"wp:attachment":[{"href":"https:\/\/www.pstmail.eu\/es\/wp-json\/wp\/v2\/media?parent=1015"}],"curies":[{"name":"wp","href":"https:\/\/api.w.org\/{rel}","templated":true}]}}