{"id":1017,"date":"2015-02-07T11:33:04","date_gmt":"2015-02-07T11:33:04","guid":{"rendered":"http:\/\/www.autek.es\/?page_id=1017"},"modified":"2019-05-30T15:49:51","modified_gmt":"2019-05-30T15:49:51","slug":"work-with-us","status":"publish","type":"page","link":"https:\/\/www.pstmail.eu\/es\/work-with-us\/","title":{"rendered":"Work with us"},"content":{"rendered":"<div class=\"fusion-fullwidth fullwidth-box fusion-builder-row-1 hundred-percent-fullwidth non-hundred-percent-height-scrolling\" style=\"background-color: rgba(255,255,255,0);background-position: center center;background-repeat: no-repeat;padding-top:0px;padding-right:0px;padding-bottom:0px;padding-left:0px;margin-bottom: 0px;margin-top: 0px;border-width: 0px 0px 0px 0px;border-color:#eae9e9;border-style:solid;\" ><div class=\"fusion-builder-row fusion-row\"><div class=\"fusion-layout-column fusion_builder_column fusion-builder-column-0 fusion_builder_column_1_1 1_1 fusion-one-full fusion-column-first fusion-column-last fusion-column-no-min-height\" style=\"margin-top:0px;margin-bottom:0px;\"><div class=\"fusion-column-wrapper fusion-flex-column-wrapper-legacy\" style=\"background-position:left top;background-repeat:no-repeat;-webkit-background-size:cover;-moz-background-size:cover;-o-background-size:cover;background-size:cover;padding: 0px 0px 0px 0px;\"><style type=\"text\/css\"><\/style><div class=\"fusion-title title fusion-title-1 fusion-title-text fusion-title-size-two\" style=\"margin-top:0px;margin-right:0px;margin-bottom:31px;margin-left:0px;\"><h2 class=\"title-heading-left\" style=\"margin:0;\">Trabaja con nosotros<\/h2><span class=\"awb-title-spacer\"><\/span><div class=\"title-sep-container\"><div class=\"title-sep sep-double sep-solid\" style=\"border-color:#666666;\"><\/div><\/div><\/div>\n<p>Nuestros clientes son organizaciones con los m\u00e1s elevados requisitos de seguridad de la informaci\u00f3n. Desarrollamos para ellos soluciones a medida y productos de seguridad de la informaci\u00f3n.<\/p>\n<p>En este momento, no tenemos ning\u00fan proceso de selecci\u00f3n abierto. Por favor, env\u00edanos tu CV si est\u00e1s interesado en integrarte en un equipo de profesionales de gran experiencia y capacidad y re\u00fanes las siguientes condiciones:<\/p>\n<ul>\n<li>Capacidad de asumir responsabilidades<\/li>\n<li>Auto exigencia en el trabajo<\/li>\n<li>Perfil de desarrollador, \u2018tester\u2019, analista de seguridad o administrador de sistemas<\/li>\n<li>Conocimientos e inter\u00e9s en seguridad de la informaci\u00f3n<\/li>\n<li>Elevados conocimientos de ingl\u00e9s<\/li>\n<\/ul>\n<p><a href=\"mailto:rrhh@autek.es\">rrhh@autek.es<\/a><\/p>\n<p><img class=\"aligncenter wp-image-331\" src=\"http:\/\/www.pstmail.eu\/wp-content\/uploads\/2014\/09\/work.png\" alt=\"Work with us\" width=\"849\" height=\"171\" srcset=\"https:\/\/www.pstmail.eu\/wp-content\/uploads\/2014\/09\/work-300x60.png 300w, https:\/\/www.pstmail.eu\/wp-content\/uploads\/2014\/09\/work.png 690w\" sizes=\"(max-width: 849px) 100vw, 849px\" \/><\/p>\n<p>Antes de remitirnos tu CV y en cumplimiento con la LOPD 15\/1999 de 13 de diciembre, por favor, revisa nuestra Pol\u00edtica de Privacidad ya que el env\u00edo de \u00e9ste implica que la has le\u00eddo y aceptado.<div class=\"fusion-clearfix\"><\/div><\/div><\/div><\/div><style type=\"text\/css\">.fusion-fullwidth.fusion-builder-row-1 { overflow:visible; }<\/style><\/div>\n","protected":false},"excerpt":{"rendered":"","protected":false},"author":5,"featured_media":0,"parent":0,"menu_order":0,"comment_status":"open","ping_status":"open","template":"","meta":[],"_links":{"self":[{"href":"https:\/\/www.pstmail.eu\/es\/wp-json\/wp\/v2\/pages\/1017"}],"collection":[{"href":"https:\/\/www.pstmail.eu\/es\/wp-json\/wp\/v2\/pages"}],"about":[{"href":"https:\/\/www.pstmail.eu\/es\/wp-json\/wp\/v2\/types\/page"}],"author":[{"embeddable":true,"href":"https:\/\/www.pstmail.eu\/es\/wp-json\/wp\/v2\/users\/5"}],"replies":[{"embeddable":true,"href":"https:\/\/www.pstmail.eu\/es\/wp-json\/wp\/v2\/comments?post=1017"}],"version-history":[{"count":6,"href":"https:\/\/www.pstmail.eu\/es\/wp-json\/wp\/v2\/pages\/1017\/revisions"}],"predecessor-version":[{"id":2060,"href":"https:\/\/www.pstmail.eu\/es\/wp-json\/wp\/v2\/pages\/1017\/revisions\/2060"}],"wp:attachment":[{"href":"https:\/\/www.pstmail.eu\/es\/wp-json\/wp\/v2\/media?parent=1017"}],"curies":[{"name":"wp","href":"https:\/\/api.w.org\/{rel}","templated":true}]}}