{"id":1568,"date":"2014-09-05T08:20:37","date_gmt":"2014-09-05T08:20:37","guid":{"rendered":"http:\/\/www.autek.es\/privacy-policy-2\/"},"modified":"2019-05-30T15:49:54","modified_gmt":"2019-05-30T15:49:54","slug":"privacy-policy","status":"publish","type":"page","link":"https:\/\/www.pstmail.eu\/es\/privacy-policy\/","title":{"rendered":"Privacy policy"},"content":{"rendered":"<div class=\"fusion-fullwidth fullwidth-box fusion-builder-row-1 hundred-percent-fullwidth non-hundred-percent-height-scrolling\" style=\"background-color: rgba(255,255,255,0);background-position: center center;background-repeat: no-repeat;padding-top:0px;padding-right:0px;padding-bottom:0px;padding-left:0px;margin-bottom: 0px;margin-top: 0px;border-width: 0px 0px 0px 0px;border-color:#eae9e9;border-style:solid;\" ><div class=\"fusion-builder-row fusion-row\"><div class=\"fusion-layout-column fusion_builder_column fusion-builder-column-0 fusion_builder_column_1_1 1_1 fusion-one-full fusion-column-first fusion-column-last fusion-column-no-min-height\" style=\"margin-top:0px;margin-bottom:0px;\"><div class=\"fusion-column-wrapper fusion-flex-column-wrapper-legacy\" style=\"background-position:left top;background-repeat:no-repeat;-webkit-background-size:cover;-moz-background-size:cover;-o-background-size:cover;background-size:cover;padding: 0px 0px 0px 0px;\"><style type=\"text\/css\"><\/style><div class=\"fusion-title title fusion-title-1 fusion-title-text fusion-title-size-two\" style=\"margin-top:0px;margin-right:0px;margin-bottom:31px;margin-left:0px;\"><h2 class=\"title-heading-left\" style=\"margin:0;\">Pol\u00edtica de privacidad<\/h2><span class=\"awb-title-spacer\"><\/span><div class=\"title-sep-container\"><div class=\"title-sep sep-double sep-solid\" style=\"border-color:#666666;\"><\/div><\/div><\/div>\n<p>De acuerdo con la Ley Org\u00e1nica de Protecci\u00f3n de Datos de Car\u00e1cter Personal (LO 15\/1999 de 13 de diciembre), se entiende por datos personales \u00abcualquier informaci\u00f3n concerniente a personas f\u00edsicas identificadas o identificables\u00bb.<\/p>\n<p>Los \u00fanicos datos personales a los que Autek Ingenier\u00eda, S.L. tendr\u00e1 acceso ser\u00e1n aqu\u00e9llos que el usuario facilite voluntariamente a trav\u00e9s de la web de Autek Ingenier\u00eda, S.L. www.pstmail.eu. En este sentido es preciso que el usuario conozca que para contactar con Autek Ingenier\u00eda, se le solicitar\u00e1n datos de car\u00e1cter personal.<\/p>\n<p>En cumplimiento de la normativa vigente, Autek Ingenier\u00eda, S.L. ha adoptado las medidas t\u00e9cnicas y organizativas necesarias para mantener el nivel de seguridad requerido en atenci\u00f3n a los datos personales tratados. Asimismo est\u00e1 dotado de los mecanismos precisos a su alcance para evitar en la medida de lo posible los accesos no autorizados.<\/p>\n<p>Le informamos que en caso de ser persona f\u00edsica y de conformidad con la Ley Org\u00e1nica 15\/1999, de 13 de diciembre, de Protecci\u00f3n de Datos de Car\u00e1cter Personal, sus datos formar\u00e1n parte de un fichero cuyo responsable es Autek Ingenier\u00eda, S.L. y que ser\u00e1n utilizados para resolver su consulta, para mantenerle informado de las novedades ofertadas, as\u00ed como para procesos de selecci\u00f3n, existiendo la posibilidad de enviarle a su direcci\u00f3n de correo electr\u00f3nico comunicaciones informativas.<\/p>\n<p>Igualmente le informamos que cuenta con los derechos de acceso, rectificaci\u00f3n y cancelaci\u00f3n, as\u00ed como la posibilidad de revocar su consentimiento para el env\u00edo de informaci\u00f3n, pudi\u00e9ndolos ejercitar por escrito a Autek Ingenier\u00eda, S.L. Avenida de Burgos n\u00ba 9, oficina 1, 28036 Madrid. En la petici\u00f3n, deber\u00e1 adjuntar la siguiente informaci\u00f3n: Nombre, apellidos, direcci\u00f3n, derecho que desea solicitar y contenido de su petici\u00f3n.<\/p>\n<p><strong>Uso de Cookies<\/strong><\/p>\n<p>Autek Ingenier\u00eda, S.L. puede utilizar cookies cuando un Usuario navega por la p\u00e1gina web www.pstmail.eu. Las cookies se asocian \u00fanicamente con el navegador de un ordenador determinado (un Usuario an\u00f3nimo), y no proporcionan por s\u00ed el nombre y apellidos del Usuario. Gracias a las cookies, resulta posible que Autek Ingenier\u00eda reconozca las preferencias sobre los contenidos del Portal seleccionadas en visitas anteriores por los Usuarios, para poder recordar sus preferencias sin que tengan que volver a seleccionarlas en visitas posteriores.<\/p>\n<p>El Usuario tiene la posibilidad de configurar su navegador para ser avisado en pantalla de la recepci\u00f3n de cookies y para impedir la instalaci\u00f3n de cookies en su disco duro.<\/p>\n<p>Por favor, consulte las instrucciones y manuales de su navegador para ampliar \u00e9sta informaci\u00f3n. Para utilizar el Portal, no resulta necesario que el Usuario permita la instalaci\u00f3n de las cookies enviadas por Autek Ingenier\u00eda, S.L., sin perjuicio de que, en tal caso, ser\u00e1 necesario que el Usuario tenga que realizar esta selecci\u00f3n en cada ocasi\u00f3n que visite www.pstmail.eu.<div class=\"fusion-clearfix\"><\/div><\/div><\/div><\/div><style type=\"text\/css\">.fusion-fullwidth.fusion-builder-row-1 { overflow:visible; }<\/style><\/div>\n","protected":false},"excerpt":{"rendered":"","protected":false},"author":5,"featured_media":0,"parent":0,"menu_order":0,"comment_status":"open","ping_status":"open","template":"","meta":[],"_links":{"self":[{"href":"https:\/\/www.pstmail.eu\/es\/wp-json\/wp\/v2\/pages\/1568"}],"collection":[{"href":"https:\/\/www.pstmail.eu\/es\/wp-json\/wp\/v2\/pages"}],"about":[{"href":"https:\/\/www.pstmail.eu\/es\/wp-json\/wp\/v2\/types\/page"}],"author":[{"embeddable":true,"href":"https:\/\/www.pstmail.eu\/es\/wp-json\/wp\/v2\/users\/5"}],"replies":[{"embeddable":true,"href":"https:\/\/www.pstmail.eu\/es\/wp-json\/wp\/v2\/comments?post=1568"}],"version-history":[{"count":6,"href":"https:\/\/www.pstmail.eu\/es\/wp-json\/wp\/v2\/pages\/1568\/revisions"}],"predecessor-version":[{"id":2090,"href":"https:\/\/www.pstmail.eu\/es\/wp-json\/wp\/v2\/pages\/1568\/revisions\/2090"}],"wp:attachment":[{"href":"https:\/\/www.pstmail.eu\/es\/wp-json\/wp\/v2\/media?parent=1568"}],"curies":[{"name":"wp","href":"https:\/\/api.w.org\/{rel}","templated":true}]}}