{"id":1577,"date":"2014-09-05T08:22:31","date_gmt":"2014-09-05T08:22:31","guid":{"rendered":"http:\/\/www.autek.es\/legal-notice-2\/"},"modified":"2019-05-30T15:49:54","modified_gmt":"2019-05-30T15:49:54","slug":"legal-notice","status":"publish","type":"page","link":"https:\/\/www.pstmail.eu\/es\/legal-notice\/","title":{"rendered":"Legal Notice"},"content":{"rendered":"<div class=\"fusion-fullwidth fullwidth-box fusion-builder-row-1 hundred-percent-fullwidth non-hundred-percent-height-scrolling\" style=\"background-color: rgba(255,255,255,0);background-position: center center;background-repeat: no-repeat;padding-top:0px;padding-right:0px;padding-bottom:0px;padding-left:0px;margin-bottom: 0px;margin-top: 0px;border-width: 0px 0px 0px 0px;border-color:#eae9e9;border-style:solid;\" ><div class=\"fusion-builder-row fusion-row\"><div class=\"fusion-layout-column fusion_builder_column fusion-builder-column-0 fusion_builder_column_1_1 1_1 fusion-one-full fusion-column-first fusion-column-last fusion-column-no-min-height\" style=\"margin-top:0px;margin-bottom:0px;\"><div class=\"fusion-column-wrapper fusion-flex-column-wrapper-legacy\" style=\"background-position:left top;background-repeat:no-repeat;-webkit-background-size:cover;-moz-background-size:cover;-o-background-size:cover;background-size:cover;padding: 0px 0px 0px 0px;\"><style type=\"text\/css\"><\/style><div class=\"fusion-title title fusion-title-1 fusion-title-text fusion-title-size-two\" style=\"margin-top:0px;margin-right:0px;margin-bottom:31px;margin-left:0px;\"><h2 class=\"title-heading-left\" style=\"margin:0;\">Aviso legal<\/h2><span class=\"awb-title-spacer\"><\/span><div class=\"title-sep-container\"><div class=\"title-sep sep-double sep-solid\" style=\"border-color:#666666;\"><\/div><\/div><\/div>\n<div id=\"colIzq\">\n<p>Autek Ingenier\u00eda, S.L. con domicilio social en Avenida de Burgos n\u00ba 9, oficina 1, 28036 Madrid, Espa\u00f1a. Inscrita en el Registro Mercantil de Madrid con el CIF: B82015181, es titular de los derechos de propiedad intelectual sobre las im\u00e1genes, textos, dise\u00f1os, animaciones, o cualquier otro contenido o elementos de este website, o dispone de los permisos necesarios para su utilizaci\u00f3n. Cualquier acto de reproducci\u00f3n, distribuci\u00f3n, comunicaci\u00f3n p\u00fablica, puesta a disposici\u00f3n, o transformaci\u00f3n, as\u00ed como cualquier otra forma de explotaci\u00f3n de todo o parte de dichos contenidos o elementos, realizado bajo cualquier forma o mediante cualquier medio, requerir\u00e1 el consentimiento previo y por escrito de Autek Ingenier\u00eda, S.L.<\/p>\n<p>El acceso a la web implica sin reservas la aceptaci\u00f3n de las presentes condiciones generales de uso, y si no estuviera de acuerdo con ellas, deber\u00e1 abstenerse de acceder a la p\u00e1gina o de utilizar los servicios que se prestan a trav\u00e9s de ella.<\/p>\n<p>Las condiciones de acceso y uso de la presente web se rigen por los principios de legalidad y de buena fe, comprometi\u00e9ndose el Usuario a utilizar el sitio web, as\u00ed como la informaci\u00f3n o servicios suministrados de conformidad con la Ley, la moral, las buenas costumbres y el orden p\u00fablico.<\/p>\n<p><strong>Derechos de Propiedad Intelectual e Industrial: <\/strong>El sitio web de Autek Ingenier\u00eda, S.L., sus contenidos y derechos de Propiedad Intelectual, la programaci\u00f3n y el dise\u00f1o de la web se encuentran plenamente protegidos por los derechos de autor, quedando prohibida su reproducci\u00f3n, comunicaci\u00f3n, divulgaci\u00f3n y distribuci\u00f3n a menos que se cuente con la preceptiva autorizaci\u00f3n.<\/p>\n<p>Asimismo, todos los signos distintivos que aparecen en el sitio web son titularidad de Autek Ingenier\u00eda, S.L., o cuenta con los derechos de explotaci\u00f3n de los mismos y se encuentran debidamente registrados, quedando prohibida su reproducci\u00f3n o distribuci\u00f3n bajo ning\u00fan medio, sin la debida, previa y expresa autorizaci\u00f3n de su titular.<\/p>\n<p>Autek Ingenier\u00eda, S.L. podr\u00e1 realizar modificaciones al contenido de este website sin previo aviso, tanto en lo referente a la informaci\u00f3n de sus servicios, seg\u00fan vaya ampliando y mejorando su oferta, como en relaci\u00f3n a cualquier otro elemento que forme parte del mismo.<\/p>\n<p><strong>Links <\/strong>Los links y contenidos de p\u00e1ginas web de terceros a las que se puede acceder desde este sitio web, no son responsabilidad de Autek Ingenier\u00eda, S.L. no pudiendo garantizar que sean exactos en el momento de acceso del usuario.<\/p>\n<p><strong>Exenci\u00f3n de responsabilidad <\/strong>En ning\u00fan caso Autek Ingenier\u00eda, S.L. ser\u00e1 responsable de la producci\u00f3n de cualquier tipo de da\u00f1o que los Usuarios o terceros pudiesen ocasionar en el sitio web.<\/p>\n<p><strong>Ley aplicable y Jurisdicci\u00f3n <\/strong>Las presentes condiciones generales se rigen por la legislaci\u00f3n espa\u00f1ola. Para conocer de cualquier controversia o litigio ser\u00e1n competentes los Tribunales de Madrid, con renuncia expresa de las partes a cualquier otro fuero.<\/p>\n<\/div>\n<div class=\"fusion-clearfix\"><\/div><\/div><\/div><\/div><style type=\"text\/css\">.fusion-fullwidth.fusion-builder-row-1 { overflow:visible; }<\/style><\/div>\n","protected":false},"excerpt":{"rendered":"","protected":false},"author":5,"featured_media":0,"parent":0,"menu_order":0,"comment_status":"open","ping_status":"open","template":"","meta":[],"_links":{"self":[{"href":"https:\/\/www.pstmail.eu\/es\/wp-json\/wp\/v2\/pages\/1577"}],"collection":[{"href":"https:\/\/www.pstmail.eu\/es\/wp-json\/wp\/v2\/pages"}],"about":[{"href":"https:\/\/www.pstmail.eu\/es\/wp-json\/wp\/v2\/types\/page"}],"author":[{"embeddable":true,"href":"https:\/\/www.pstmail.eu\/es\/wp-json\/wp\/v2\/users\/5"}],"replies":[{"embeddable":true,"href":"https:\/\/www.pstmail.eu\/es\/wp-json\/wp\/v2\/comments?post=1577"}],"version-history":[{"count":4,"href":"https:\/\/www.pstmail.eu\/es\/wp-json\/wp\/v2\/pages\/1577\/revisions"}],"predecessor-version":[{"id":2087,"href":"https:\/\/www.pstmail.eu\/es\/wp-json\/wp\/v2\/pages\/1577\/revisions\/2087"}],"wp:attachment":[{"href":"https:\/\/www.pstmail.eu\/es\/wp-json\/wp\/v2\/media?parent=1577"}],"curies":[{"name":"wp","href":"https:\/\/api.w.org\/{rel}","templated":true}]}}