{"id":1588,"date":"2014-09-10T09:41:33","date_gmt":"2014-09-10T09:41:33","guid":{"rendered":"http:\/\/www.autek.es\/pstmail-3\/"},"modified":"2020-12-03T13:28:03","modified_gmt":"2020-12-03T13:28:03","slug":"pstmail","status":"publish","type":"page","link":"https:\/\/www.pstmail.eu\/es\/pstmail\/","title":{"rendered":"PSTmail"},"content":{"rendered":"<p><div class=\"fusion-fullwidth fullwidth-box fusion-builder-row-1 nonhundred-percent-fullwidth non-hundred-percent-height-scrolling\" style=\"background-color: rgba(255,255,255,0);background-position: center center;background-repeat: no-repeat;padding-top:0px;padding-right:0px;padding-bottom:0px;padding-left:0px;margin-bottom: 0px;margin-top: 0px;border-width: 0px 0px 0px 0px;border-color:#eae9e9;border-style:solid;\" ><div class=\"fusion-builder-row fusion-row\"><div class=\"fusion-layout-column fusion_builder_column fusion-builder-column-0 fusion_builder_column_1_1 1_1 fusion-one-full fusion-column-first fusion-column-last\" style=\"margin-top:0px;margin-bottom:0px;\"><div class=\"fusion-column-wrapper fusion-flex-column-wrapper-legacy\" style=\"background-position:left top;background-repeat:no-repeat;-webkit-background-size:cover;-moz-background-size:cover;-o-background-size:cover;background-size:cover;padding: 0px 0px 0px 0px;\"><div class=\"fusion-text fusion-text-1\"><p><img class=\"wp-image-162 size-full alignnone\" src=\"https:\/\/www.pstmail.eu\/wp-content\/uploads\/2014\/09\/PSTmail1-e1410346019681.png\" alt=\"PSTmail\" width=\"318\" height=\"39\" srcset=\"https:\/\/www.pstmail.eu\/wp-content\/uploads\/2014\/09\/PSTmail1-e1410346019681-300x36.png 300w, https:\/\/www.pstmail.eu\/wp-content\/uploads\/2014\/09\/PSTmail1-e1410346019681.png 318w\" sizes=\"(max-width: 318px) 100vw, 318px\" \/><\/p>\n<p><span style=\"font-family: Museo; font-size: 20px;\">Pasarela segura de correo electr\u00f3nico<\/span><br \/>\n<span style=\"font-size: 16px; color: #ba1800;\">Gestione cuentas de correo de redes externas desde redes aisladas<\/span><\/p>\n<p>PSTmail permite utilizar direcciones de correo de redes externas, menos seguras (ejemplo: Internet), desde una red interna, m\u00e1s segura. PSTmail establece una correspondencia entre direcciones de correo de ambas redes y traslada los mensajes de una a otra.<\/p>\n<p>PSTmail es un producto de la familia <a title=\"PSTgateways\" href=\"\/es\/pstgateways\/\">PSTgateways<\/a>. Todos los productos de la familia comparten una arquitectura com\u00fan que proporciona la infraestructura de administraci\u00f3n y seguridad. Los distintos productos se diferencian en los flujos de datos, llamados servicios, que proporcionan.<\/p>\n<p><img class=\"alignnone wp-image-1803\" src=\"https:\/\/www.pstmail.eu\/wp-content\/uploads\/2014\/09\/pstmail_es.jpg\" alt=\"PSTmail\" width=\"770\" height=\"307\" \/><\/p>\n<p>PSTmail garantiza la imposibilidad de cualquier tipo de tr\u00e1fico entre las dos redes excepto el correo transmitido por el propio sistema.<\/p>\n<p>La pasarela no sustituye a los servidores de correo electr\u00f3nico de las dos redes sino que los usa como elementos intermedios para el env\u00edo y recepci\u00f3n de mensajes. El sistema se administra exclusivamente desde la red m\u00e1s segura.<\/p>\n<p>La mayor diferencia es que la salida de correo de la red segura requiere la autorizaci\u00f3n mediante firma electr\u00f3nica de cada uno de los mensajes.<\/p>\n<\/div><div class=\"fusion-clearfix\"><\/div><\/div><\/div><\/div><\/div><div class=\"fusion-fullwidth fullwidth-box fusion-builder-row-2 hundred-percent-fullwidth non-hundred-percent-height-scrolling\" style=\"background-color: rgba(255,255,255,0);background-position: center center;background-repeat: no-repeat;padding-top:0px;padding-right:0px;padding-bottom:0px;padding-left:0px;margin-bottom: 0px;margin-top: 0px;border-width: 0px 0px 0px 0px;border-color:#eae9e9;border-style:solid;\" ><div class=\"fusion-builder-row fusion-row\"><div class=\"fusion-layout-column fusion_builder_column fusion-builder-column-1 fusion_builder_column_1_1 1_1 fusion-one-full fusion-column-first fusion-column-last fusion-column-no-min-height\" style=\"margin-top:0px;margin-bottom:0px;\"><div class=\"fusion-column-wrapper fusion-flex-column-wrapper-legacy\" style=\"background-position:left top;background-repeat:no-repeat;-webkit-background-size:cover;-moz-background-size:cover;-o-background-size:cover;background-size:cover;padding: 0px 0px 0px 0px;\"><style type=\"text\/css\"><\/style><div class=\"fusion-title title fusion-title-1 fusion-title-text fusion-title-size-three\" style=\"margin-top:0px;margin-right:0px;margin-bottom:31px;margin-left:0px;\"><h3 class=\"title-heading-left\" style=\"margin:0;\">Entrada de correo<\/h3><span class=\"awb-title-spacer\"><\/span><div class=\"title-sep-container\"><div class=\"title-sep sep-single sep-solid\" style=\"border-color:#666666;\"><\/div><\/div><\/div><div class=\"fusion-text fusion-text-2\"><p>La pasarela gestiona de forma transparente los mensajes de entrada: Consulta peri\u00f3dicamente los buzones de la red externa que se configuren, introduce a la red interna los mensajes que encuentre y los env\u00eda a las cuentas de destino en la red interna que se establezcan por configuraci\u00f3n.<\/p>\n<p style=\"padding-left: 30px;\"><strong>Canal de Entrada de Correo<br \/>\n<\/strong>Se denomina as\u00ed a la correspondencia entre un buz\u00f3n de la red externa y uno o m\u00e1s buzones de la red interna. El caso m\u00e1s sencillo es que cada usuario tenga una cuenta en cada una de las redes y la correspondencia sea 1 a 1.<\/p>\n<p style=\"padding-left: 30px;\">Existe, adem\u00e1s, una serie de par\u00e1metros que se pueden especificar de manera individual para cada canal, como, por ejemplo, prioridad y filtrado por formato de mensajes.<\/p>\n<p>El correo entra a la red segura de manera transparente para los usuarios, aunque se le pueden aplicar pol\u00edticas de filtrado, desv\u00edos condicionales y se puede dirigir a varias cuentas internas simult\u00e1neamente.<\/p>\n<\/div><div class=\"fusion-clearfix\"><\/div><\/div><\/div><div class=\"fusion-layout-column fusion_builder_column fusion-builder-column-2 fusion_builder_column_1_1 1_1 fusion-one-full fusion-column-first fusion-column-last fusion-column-no-min-height\" style=\"margin-top:0px;margin-bottom:0px;\"><div class=\"fusion-column-wrapper fusion-flex-column-wrapper-legacy\" style=\"background-position:left top;background-repeat:no-repeat;-webkit-background-size:cover;-moz-background-size:cover;-o-background-size:cover;background-size:cover;padding: 0px 0px 0px 0px;\"><style type=\"text\/css\"><\/style><div class=\"fusion-title title fusion-title-2 fusion-title-text fusion-title-size-three\" style=\"margin-top:0px;margin-right:0px;margin-bottom:31px;margin-left:0px;\"><h3 class=\"title-heading-left\" style=\"margin:0;\">Salida de correo<\/h3><span class=\"awb-title-spacer\"><\/span><div class=\"title-sep-container\"><div class=\"title-sep sep-single sep-solid\" style=\"border-color:#666666;\"><\/div><\/div><\/div><div class=\"fusion-text fusion-text-3\"><p>Todo mensaje de salida necesita ser autorizado mediante firma digital. PSTi funciona como un servidor de correo en la red interna y verifica la firma digital de cada mensaje, antes de enviarlo a sus destinatarios en la red externa.<\/p>\n<p>Adem\u00e1s, elimina toda informaci\u00f3n de la red interna que pudieran contener las cabeceras del mensaje y permite realizar un filtrado b\u00e1sico por formato de los mensajes.<\/p>\n<\/div><div class=\"fusion-clearfix\"><\/div><\/div><\/div><div class=\"fusion-layout-column fusion_builder_column fusion-builder-column-3 fusion_builder_column_1_1 1_1 fusion-one-full fusion-column-first fusion-column-last fusion-column-no-min-height\" style=\"margin-top:0px;margin-bottom:0px;\"><div class=\"fusion-column-wrapper fusion-flex-column-wrapper-legacy\" style=\"background-position:left top;background-repeat:no-repeat;-webkit-background-size:cover;-moz-background-size:cover;-o-background-size:cover;background-size:cover;padding: 0px 0px 0px 0px;\"><style type=\"text\/css\"><\/style><div class=\"fusion-title title fusion-title-3 fusion-title-text fusion-title-size-three\" style=\"margin-top:0px;margin-right:0px;margin-bottom:31px;margin-left:0px;\"><h3 class=\"title-heading-left\" style=\"margin:0;\">Funciones principales<\/h3><span class=\"awb-title-spacer\"><\/span><div class=\"title-sep-container\"><div class=\"title-sep sep-single sep-solid\" style=\"border-color:#666666;\"><\/div><\/div><\/div><div class=\"fusion-clearfix\"><\/div><\/div><\/div><div class=\"fusion-layout-column fusion_builder_column fusion-builder-column-4 fusion_builder_column_1_3 1_3 fusion-one-third fusion-column-first\" style=\"width:33.333333333333%;width:calc(33.333333333333% - ( ( 4% + 4% ) * 0.33333333333333 ) );margin-right: 4%;margin-top:0px;margin-bottom:20px;\"><div class=\"fusion-column-wrapper fusion-flex-column-wrapper-legacy\" style=\"background-position:left top;background-blend-mode: overlay;background-repeat:no-repeat;-webkit-background-size:cover;-moz-background-size:cover;-o-background-size:cover;background-size:cover;padding: 0px 0px 0px 0px;\"><div class=\"fusion-text fusion-text-4\"><p style=\"padding-left: 30px;\"><strong>Seguridad<\/strong><\/p>\n<ul>\n<li>Certificado \u2018Common Criteria\u2019 EAL 4+<\/li>\n<li>Los servicios de entrada y salida funcionan independientemente<\/li>\n<li>La salida de correo requiere autorizaci\u00f3n mediante firma digital (S\/MIME) de cada mensaje<\/li>\n<li>En los mensajes enviados se elimina la informaci\u00f3n de la red aislada<\/li>\n<\/ul>\n<\/div><div class=\"fusion-clearfix\"><\/div><\/div><\/div><div class=\"fusion-layout-column fusion_builder_column fusion-builder-column-5 fusion_builder_column_1_3 1_3 fusion-one-third\" style=\"width:33.333333333333%;width:calc(33.333333333333% - ( ( 4% + 4% ) * 0.33333333333333 ) );margin-right: 4%;margin-top:0px;margin-bottom:20px;\"><div class=\"fusion-column-wrapper fusion-flex-column-wrapper-legacy\" style=\"background-position:left top;background-blend-mode: overlay;background-repeat:no-repeat;-webkit-background-size:cover;-moz-background-size:cover;-o-background-size:cover;background-size:cover;padding: 0px 0px 0px 0px;\"><div class=\"fusion-text fusion-text-5\"><p style=\"padding-left: 30px;\"><strong>Usabilidad<\/strong><\/p>\n<ul>\n<li>Permite comunicaciones por correo en tiempo real<\/li>\n<li>Transparente para los usuarios de la red aislada<\/li>\n<li>F\u00e1cil despliegue \u2013 No es necesario instalar nada en los ordenadores de los usuarios<\/li>\n<\/ul>\n<\/div><div class=\"fusion-clearfix\"><\/div><\/div><\/div><div class=\"fusion-layout-column fusion_builder_column fusion-builder-column-6 fusion_builder_column_1_3 1_3 fusion-one-third fusion-column-last\" style=\"width:33.333333333333%;width:calc(33.333333333333% - ( ( 4% + 4% ) * 0.33333333333333 ) );margin-top:0px;margin-bottom:20px;\"><div class=\"fusion-column-wrapper fusion-flex-column-wrapper-legacy\" style=\"background-position:left top;background-blend-mode: overlay;background-repeat:no-repeat;-webkit-background-size:cover;-moz-background-size:cover;-o-background-size:cover;background-size:cover;padding: 0px 0px 0px 0px;\"><div class=\"fusion-text fusion-text-6\"><p style=\"padding-left: 30px;\"><strong>Datos T\u00e9cnicos<\/strong><\/p>\n<ul>\n<li>Gestiona hasta 2.500 direcciones de correo electr\u00f3nico (canales)<\/li>\n<li>Soporta los protocolos de Internet: POP3, IMAP4, SMTP<\/li>\n<li>Tasa de transferencia de entrada: 20.000 mensajes \/ hora<\/li>\n<li>Tasa de transferencia de salida: 5.000 mensajes \/ hora<\/li>\n<li>Tama\u00f1o m\u00e1ximo de mensaje: 50 MB<\/li>\n<\/ul>\n<\/div><div class=\"fusion-clearfix\"><\/div><\/div><\/div><div class=\"fusion-layout-column fusion_builder_column fusion-builder-column-7 fusion_builder_column_1_1 1_1 fusion-one-full fusion-column-first fusion-column-last fusion-column-no-min-height\" style=\"margin-top:0px;margin-bottom:0px;\"><div class=\"fusion-column-wrapper fusion-flex-column-wrapper-legacy\" style=\"background-position:left top;background-repeat:no-repeat;-webkit-background-size:cover;-moz-background-size:cover;-o-background-size:cover;background-size:cover;padding: 0px 0px 0px 0px;\"><style type=\"text\/css\"><\/style><div class=\"fusion-title title fusion-title-4 fusion-title-text fusion-title-size-three\" style=\"margin-top:0px;margin-right:0px;margin-bottom:31px;margin-left:0px;\"><h3 class=\"title-heading-left\" style=\"margin:0;\">Documentos<\/h3><span class=\"awb-title-spacer\"><\/span><div class=\"title-sep-container\"><div class=\"title-sep sep-single sep-solid\" style=\"border-color:#666666;\"><\/div><\/div><\/div><ul class=\"fusion-checklist fusion-checklist-1\" style=\"font-size:14px;line-height:23.8px;\"><li style=\"background-color:rgba(255,255,255,0);\" class=\"fusion-li-item\"><span style=\"background-color:#607d8b;font-size:12.32px;height:23.8px;width:23.8px;margin-right:9.8px;\" class=\"icon-wrapper circle-yes\"><i class=\"fusion-li-icon fa-download fas\" style=\"color:#ffffff;\" aria-hidden=\"true\"><\/i><\/span><div class=\"fusion-li-item-content\" style=\"margin-left:33.6px;color:var(--awb-color8);\">\n<p><a href=\"https:\/\/doc.autek.es\/pstmail_ds_541-39_es.pdf\">Documentaci\u00f3n comercial<\/a><\/p>\n<\/div><\/li><li style=\"background-color:rgba(255,255,255,0);\" class=\"fusion-li-item\"><span style=\"background-color:#607d8b;font-size:12.32px;height:23.8px;width:23.8px;margin-right:9.8px;\" class=\"icon-wrapper circle-yes\"><i class=\"fusion-li-icon fa-download fas\" style=\"color:#ffffff;\" aria-hidden=\"true\"><\/i><\/span><div class=\"fusion-li-item-content\" style=\"margin-left:33.6px;color:var(--awb-color8);\">\n<p><a href=\"https:\/\/oc.ccn.cni.es\/index.php\/es\/catalogo-productos-stic\/listado-de-productos-aprobados\/210-pstmail-v3-0-5\">Producto aprobado (CCN)<\/a><\/p>\n<\/div><\/li><li style=\"background-color:rgba(255,255,255,0);\" class=\"fusion-li-item\"><span style=\"background-color:#607d8b;font-size:12.32px;height:23.8px;width:23.8px;margin-right:9.8px;\" class=\"icon-wrapper circle-yes\"><i class=\"fusion-li-icon fa-download fas\" style=\"color:#ffffff;\" aria-hidden=\"true\"><\/i><\/span><div class=\"fusion-li-item-content\" style=\"margin-left:33.6px;color:var(--awb-color8);\">\n<p><a href=\"https:\/\/oc.ccn.cni.es\/index.php\/es\/productos-certificados\/productos-certificados\/estado\/52-archivado\/74-pstmail-version-3-0-5\">Certificado Common Criteria<\/a><\/p>\n<\/div><\/li><li style=\"background-color:rgba(255,255,255,0);\" class=\"fusion-li-item\"><span style=\"background-color:#607d8b;font-size:12.32px;height:23.8px;width:23.8px;margin-right:9.8px;\" class=\"icon-wrapper circle-yes\"><i class=\"fusion-li-icon fa-download fas\" style=\"color:#ffffff;\" aria-hidden=\"true\"><\/i><\/span><div class=\"fusion-li-item-content\" style=\"margin-left:33.6px;color:var(--awb-color8);\">\n<p><a href=\"https:\/\/doc.autek.es\/pstmail_ow_529-19_es.pdf\">Visi\u00f3n general<\/a><\/p>\n<\/div><\/li><li style=\"background-color:rgba(255,255,255,0);\" class=\"fusion-li-item\"><span style=\"background-color:#607d8b;font-size:12.32px;height:23.8px;width:23.8px;margin-right:9.8px;\" class=\"icon-wrapper circle-yes\"><i class=\"fusion-li-icon fa-download fas\" style=\"color:#ffffff;\" aria-hidden=\"true\"><\/i><\/span><div class=\"fusion-li-item-content\" style=\"margin-left:33.6px;color:var(--awb-color8);\">\n<p><a href=\"https:\/\/doc.autek.es\/airgap_vs_pstmail.pdf\">Animaci\u00f3n \u2018AirGap vs PSTmail: reply to an external email\u2019<\/a><\/p>\n<\/div><\/li><\/ul><div class=\"fusion-clearfix\"><\/div><\/div><\/div><\/div><style type=\"text\/css\">.fusion-fullwidth.fusion-builder-row-2 { overflow:visible; }<\/style><\/div><\/p>\n","protected":false},"excerpt":{"rendered":"","protected":false},"author":5,"featured_media":0,"parent":0,"menu_order":0,"comment_status":"open","ping_status":"open","template":"","meta":[],"_links":{"self":[{"href":"https:\/\/www.pstmail.eu\/es\/wp-json\/wp\/v2\/pages\/1588"}],"collection":[{"href":"https:\/\/www.pstmail.eu\/es\/wp-json\/wp\/v2\/pages"}],"about":[{"href":"https:\/\/www.pstmail.eu\/es\/wp-json\/wp\/v2\/types\/page"}],"author":[{"embeddable":true,"href":"https:\/\/www.pstmail.eu\/es\/wp-json\/wp\/v2\/users\/5"}],"replies":[{"embeddable":true,"href":"https:\/\/www.pstmail.eu\/es\/wp-json\/wp\/v2\/comments?post=1588"}],"version-history":[{"count":18,"href":"https:\/\/www.pstmail.eu\/es\/wp-json\/wp\/v2\/pages\/1588\/revisions"}],"predecessor-version":[{"id":2204,"href":"https:\/\/www.pstmail.eu\/es\/wp-json\/wp\/v2\/pages\/1588\/revisions\/2204"}],"wp:attachment":[{"href":"https:\/\/www.pstmail.eu\/es\/wp-json\/wp\/v2\/media?parent=1588"}],"curies":[{"name":"wp","href":"https:\/\/api.w.org\/{rel}","templated":true}]}}