{"id":1591,"date":"2015-03-06T08:19:31","date_gmt":"2015-03-06T08:19:31","guid":{"rendered":"http:\/\/www.autek.es\/?page_id=1591"},"modified":"2022-01-19T08:51:47","modified_gmt":"2022-01-19T08:51:47","slug":"pstgateways","status":"publish","type":"page","link":"https:\/\/www.pstmail.eu\/es\/pstgateways\/","title":{"rendered":"PSTgateways"},"content":{"rendered":"<div class=\"fusion-fullwidth fullwidth-box fusion-builder-row-1 hundred-percent-fullwidth non-hundred-percent-height-scrolling\" style=\"background-color: rgba(255,255,255,0);background-position: center center;background-repeat: no-repeat;padding-top:0px;padding-right:0px;padding-bottom:0px;padding-left:0px;margin-bottom: 0px;margin-top: 0px;border-width: 0px 0px 0px 0px;border-color:#eae9e9;border-style:solid;\" ><div class=\"fusion-builder-row fusion-row\"><div class=\"fusion-layout-column fusion_builder_column fusion-builder-column-0 fusion_builder_column_1_1 1_1 fusion-one-full fusion-column-first fusion-column-last fusion-column-no-min-height\" style=\"margin-top:0px;margin-bottom:0px;\"><div class=\"fusion-column-wrapper fusion-flex-column-wrapper-legacy\" style=\"background-position:left top;background-repeat:no-repeat;-webkit-background-size:cover;-moz-background-size:cover;-o-background-size:cover;background-size:cover;padding: 0px 0px 0px 0px;\"><style type=\"text\/css\"><\/style><div class=\"fusion-title title fusion-title-1 fusion-title-text fusion-title-size-two\" style=\"margin-top:0px;margin-right:0px;margin-bottom:31px;margin-left:0px;\"><h2 class=\"title-heading-left\" style=\"margin:0;\">PSTgateways<\/h2><span class=\"awb-title-spacer\"><\/span><div class=\"title-sep-container\"><div class=\"title-sep sep-double sep-solid\" style=\"border-color:#666666;\"><\/div><\/div><\/div><div class=\"fusion-text fusion-text-1\"><p>PSTgateways es una familia de productos que permiten transferir informaci\u00f3n entre dos dominios de seguridad diferentes. Est\u00e1n incluidos en el cat\u00e1logo de productos de seguridad TIC del CCN como productos aprobados para el manejo de informaci\u00f3n clasificada. Han sido dise\u00f1ados siguiendo las directrices de la gu\u00eda de interconexi\u00f3n CCN-STIC-302 para trabajar en entornos de m\u00e1xima seguridad (high assurance).<\/p>\n<p style=\"font-size: 11px; text-align: right;\"><img class=\"alignnone wp-image-2244 size-full\" src=\"https:\/\/tmp.autek.es\/wp-content\/uploads\/2022\/01\/servers_pstgateways_app_es-3.jpg\" alt=\"\" width=\"1027\" height=\"285\" \/><\/p>\n<p style=\"font-size: 11px; text-align: right;\">Productos certificados<strong> Common Criteria<\/strong><\/p>\n<\/div><div class=\"fusion-clearfix\"><\/div><\/div><\/div><div class=\"fusion-layout-column fusion_builder_column fusion-builder-column-1 fusion_builder_column_1_2 1_2 fusion-one-half fusion-column-first\" style=\"width:50%;width:calc(50% - ( ( 4% ) * 0.5 ) );margin-right: 4%;margin-top:0px;margin-bottom:20px;\"><div class=\"fusion-column-wrapper fusion-flex-column-wrapper-legacy\" style=\"background-position:left top;background-blend-mode: overlay;background-repeat:no-repeat;-webkit-background-size:cover;-moz-background-size:cover;-o-background-size:cover;background-size:cover;padding: 0px 0px 0px 0px;\"><div class=\"fusion-text fusion-text-2\"><p><strong>El dominio de alta seguridad permanece aislado<\/strong><\/p>\n<p>Garantiza la imposibilidad de cualquier tipo de tr\u00e1fico entre las dos redes, aparte de los datos transferidos por el propio sistema. No existen conexiones, ni se env\u00edan paquetes de red a trav\u00e9s de la pasarela.<\/p>\n<\/div><div class=\"fusion-clearfix\"><\/div><\/div><\/div><div class=\"fusion-layout-column fusion_builder_column fusion-builder-column-2 fusion_builder_column_1_2 1_2 fusion-one-half fusion-column-last\" style=\"width:50%;width:calc(50% - ( ( 4% ) * 0.5 ) );margin-top:0px;margin-bottom:20px;\"><div class=\"fusion-column-wrapper fusion-flex-column-wrapper-legacy\" style=\"background-position:left top;background-blend-mode: overlay;background-repeat:no-repeat;-webkit-background-size:cover;-moz-background-size:cover;-o-background-size:cover;background-size:cover;padding: 0px 0px 0px 0px;\"><div class=\"fusion-text fusion-text-3\"><p><strong>Pasarelas de nivel de aplicaci\u00f3n<\/strong><\/p>\n<p>El producto funciona \u2018por encima\u2019 del nivel de aplicaci\u00f3n. Se rompe la pila de protocolos en todos los niveles del modelo OSI. Los \u00fanicos datos que se transfieren entre las dos redes son datos de alto nivel (ej.: mensajes de correo, ficheros, etc.).<\/p>\n<\/div><div class=\"fusion-clearfix\"><\/div><\/div><\/div><div class=\"fusion-layout-column fusion_builder_column fusion-builder-column-3 fusion_builder_column_1_1 1_1 fusion-one-full fusion-column-first fusion-column-last fusion-column-no-min-height\" style=\"margin-top:0px;margin-bottom:0px;\"><div class=\"fusion-column-wrapper fusion-flex-column-wrapper-legacy\" style=\"background-position:left top;background-repeat:no-repeat;-webkit-background-size:cover;-moz-background-size:cover;-o-background-size:cover;background-size:cover;padding: 0px 0px 0px 0px;\"><style type=\"text\/css\"><\/style><div class=\"fusion-title title fusion-title-2 fusion-title-text fusion-title-size-three\" style=\"margin-top:0px;margin-right:0px;margin-bottom:31px;margin-left:0px;\"><h3 class=\"title-heading-left\" style=\"margin:0;\">Productos<\/h3><span class=\"awb-title-spacer\"><\/span><div class=\"title-sep-container\"><div class=\"title-sep sep-single sep-solid\" style=\"border-color:#666666;\"><\/div><\/div><\/div><div class=\"fusion-text fusion-text-4\"><p>Existen pasarelas para distintos tipos de tr\u00e1fico (correo, ficheros, etc.). Todas utilizan protocolos est\u00e1ndar para poder interactuar con servidores externos. Las distintas pasarelas comparten una misma arquitectura y filosof\u00eda lo que permite una gesti\u00f3n centralizada desde la red m\u00e1s segura.<\/p>\n<p><a title=\"PSTmail\" href=\"\/es\/pstmail\/\"><img class=\"alignnone wp-image-162\" src=\"https:\/\/www.pstmail.eu\/wp-content\/uploads\/2014\/09\/PSTmail1-e1410338960951.png\" alt=\"PSTmail\" width=\"268\" height=\"30\" \/><\/a><a title=\"PSTfile\" href=\"\/es\/pstfile\/\"><img class=\"alignnone wp-image-160\" src=\"https:\/\/www.pstmail.eu\/wp-content\/uploads\/2014\/09\/PSTfile1-e1410339027944.png\" alt=\"PSTfile\" width=\"268\" height=\"30\" srcset=\"https:\/\/www.pstmail.eu\/wp-content\/uploads\/2014\/09\/PSTfile1-e1410339027944-300x33.png 300w, https:\/\/www.pstmail.eu\/wp-content\/uploads\/2014\/09\/PSTfile1-e1410339027944.png 349w\" sizes=\"(max-width: 268px) 100vw, 268px\" \/><\/a><a title=\"PSTdoc\" href=\"\/es\/pstdoc\/\"><img class=\"alignnone wp-image-158\" src=\"https:\/\/www.pstmail.eu\/wp-content\/uploads\/2014\/09\/PSTdoc1.png\" alt=\"PSTdoc\" width=\"154\" height=\"30\" \/><\/a><\/p>\n<\/div><div class=\"fusion-clearfix\"><\/div><\/div><\/div><div class=\"fusion-layout-column fusion_builder_column fusion-builder-column-4 fusion_builder_column_1_1 1_1 fusion-one-full fusion-column-first fusion-column-last fusion-column-no-min-height\" style=\"margin-top:0px;margin-bottom:0px;\"><div class=\"fusion-column-wrapper fusion-flex-column-wrapper-legacy\" style=\"background-position:left top;background-repeat:no-repeat;-webkit-background-size:cover;-moz-background-size:cover;-o-background-size:cover;background-size:cover;padding: 0px 0px 0px 0px;\"><style type=\"text\/css\"><\/style><div class=\"fusion-title title fusion-title-3 fusion-title-text fusion-title-size-three\" style=\"margin-top:0px;margin-right:0px;margin-bottom:31px;margin-left:0px;\"><h3 class=\"title-heading-left\" style=\"margin:0;\">Documentos<\/h3><span class=\"awb-title-spacer\"><\/span><div class=\"title-sep-container\"><div class=\"title-sep sep-single sep-solid\" style=\"border-color:#666666;\"><\/div><\/div><\/div><div class=\"fusion-builder-row fusion-builder-row-inner fusion-row\"><div class=\"fusion-layout-column fusion_builder_column_inner fusion-builder-nested-column-0 fusion_builder_column_inner_1_1 1_1 fusion-one-full fusion-column-first fusion-column-last\" style=\"margin-top:0px;margin-bottom:20px;\"><div class=\"fusion-column-wrapper fusion-flex-column-wrapper-legacy\" style=\"background-position:left top;background-repeat:no-repeat;-webkit-background-size:cover;-moz-background-size:cover;-o-background-size:cover;background-size:cover;padding: 0px 0px 0px 0px;\"><ul class=\"fusion-checklist fusion-checklist-1\" style=\"font-size:14px;line-height:23.8px;\"><li style=\"background-color:rgba(255,255,255,0);\" class=\"fusion-li-item\"><span style=\"background-color:#607d8b;font-size:12.32px;height:23.8px;width:23.8px;margin-right:9.8px;\" class=\"icon-wrapper circle-yes\"><i class=\"fusion-li-icon fa-download fas\" style=\"color:#ffffff;\" aria-hidden=\"true\"><\/i><\/span><div class=\"fusion-li-item-content\" style=\"margin-left:33.6px;color:var(--awb-color8);\">\n<p><a href=\"https:\/\/doc.autek.es\/pstgateways_ds_541-349_es.pdf\">Documentaci\u00f3n comercial<\/a><\/p>\n<\/div><\/li><li style=\"background-color:rgba(255,255,255,0);\" class=\"fusion-li-item\"><span style=\"background-color:#607d8b;font-size:12.32px;height:23.8px;width:23.8px;margin-right:9.8px;\" class=\"icon-wrapper circle-yes\"><i class=\"fusion-li-icon fa-download fas\" style=\"color:#ffffff;\" aria-hidden=\"true\"><\/i><\/span><div class=\"fusion-li-item-content\" style=\"margin-left:33.6px;color:var(--awb-color8);\">\n<p><a href=\"https:\/\/oc.ccn.cni.es\/index.php\/es\/catalogo-productos-stic\/listado-de-productos-aprobados?pid=87:autek-ingenieria-s-l-2&amp;search=&amp;order=i.created&amp;dir=desc&amp;cm=0#tlb\">Productos aprobados (CCN)<\/a><\/p>\n<\/div><\/li><\/ul><div class=\"fusion-clearfix\"><\/div><\/div><\/div><\/div><div class=\"fusion-clearfix\"><\/div><\/div><\/div><div class=\"fusion-layout-column fusion_builder_column fusion-builder-column-5 fusion_builder_column_1_1 1_1 fusion-one-full fusion-column-first fusion-column-last fusion-column-no-min-height\" style=\"margin-top:0px;margin-bottom:0px;\"><div class=\"fusion-column-wrapper fusion-flex-column-wrapper-legacy\" style=\"background-position:left top;background-repeat:no-repeat;-webkit-background-size:cover;-moz-background-size:cover;-o-background-size:cover;background-size:cover;padding: 0px 0px 0px 0px;\"><style type=\"text\/css\"><\/style><div class=\"fusion-title title fusion-title-4 fusion-title-text fusion-title-size-three\" style=\"margin-top:0px;margin-right:0px;margin-bottom:31px;margin-left:0px;\"><h3 class=\"title-heading-left\" style=\"margin:0;\">Funciones principales<\/h3><span class=\"awb-title-spacer\"><\/span><div class=\"title-sep-container\"><div class=\"title-sep sep-single sep-solid\" style=\"border-color:#666666;\"><\/div><\/div><\/div><div class=\"fusion-clearfix\"><\/div><\/div><\/div><div class=\"fusion-layout-column fusion_builder_column fusion-builder-column-6 fusion_builder_column_1_3 1_3 fusion-one-third fusion-column-first\" style=\"width:33.333333333333%;width:calc(33.333333333333% - ( ( 4% + 4% ) * 0.33333333333333 ) );margin-right: 4%;margin-top:0px;margin-bottom:20px;\"><div class=\"fusion-column-wrapper fusion-flex-column-wrapper-legacy\" style=\"background-position:left top;background-blend-mode: overlay;background-repeat:no-repeat;-webkit-background-size:cover;-moz-background-size:cover;-o-background-size:cover;background-size:cover;padding: 0px 0px 0px 0px;\"><div class=\"fusion-text fusion-text-5\"><p style=\"padding-left: 30px;\"><strong>Seguridad<\/strong><\/p>\n<ul>\n<li>Registro de transferencias<\/li>\n<li>Integridad del sistema operativo garantizada<\/li>\n<li>M\u00ednima superficie de ataque<\/li>\n<li>Env\u00edo de eventos de seguridad<\/li>\n<\/ul>\n<\/div><div class=\"fusion-clearfix\"><\/div><\/div><\/div><div class=\"fusion-layout-column fusion_builder_column fusion-builder-column-7 fusion_builder_column_1_3 1_3 fusion-one-third\" style=\"width:33.333333333333%;width:calc(33.333333333333% - ( ( 4% + 4% ) * 0.33333333333333 ) );margin-right: 4%;margin-top:0px;margin-bottom:20px;\"><div class=\"fusion-column-wrapper fusion-flex-column-wrapper-legacy\" style=\"background-position:left top;background-blend-mode: overlay;background-repeat:no-repeat;-webkit-background-size:cover;-moz-background-size:cover;-o-background-size:cover;background-size:cover;padding: 0px 0px 0px 0px;\"><div class=\"fusion-text fusion-text-6\"><p style=\"padding-left: 30px;\"><strong>Usabilidad<\/strong><\/p>\n<ul>\n<li>Integraci\u00f3n perfecta<\/li>\n<li>Diferentes perfiles de administraci\u00f3n<\/li>\n<li>Consola de administraci\u00f3n muy intuitiva<\/li>\n<li>Actualizaci\u00f3n sencilla \u2018firmware\u2019<\/li>\n<li>Env\u00edo de eventos de operaci\u00f3n<\/li>\n<\/ul>\n<\/div><div class=\"fusion-clearfix\"><\/div><\/div><\/div><div class=\"fusion-layout-column fusion_builder_column fusion-builder-column-8 fusion_builder_column_1_3 1_3 fusion-one-third fusion-column-last\" style=\"width:33.333333333333%;width:calc(33.333333333333% - ( ( 4% + 4% ) * 0.33333333333333 ) );margin-top:0px;margin-bottom:20px;\"><div class=\"fusion-column-wrapper fusion-flex-column-wrapper-legacy\" style=\"background-position:left top;background-blend-mode: overlay;background-repeat:no-repeat;-webkit-background-size:cover;-moz-background-size:cover;-o-background-size:cover;background-size:cover;padding: 0px 0px 0px 0px;\"><div class=\"fusion-text fusion-text-7\"><p style=\"padding-left: 30px;\"><strong>Econom\u00eda<\/strong><\/p>\n<ul>\n<li>Integraci\u00f3n en la infraestructura existente<\/li>\n<li>F\u00e1cil instalaci\u00f3n y administraci\u00f3n<\/li>\n<li>Sistema desatendido 24\/7<\/li>\n<li>\u2018Appliances\u2019 listos para usar<\/li>\n<\/ul>\n<\/div><div class=\"fusion-clearfix\"><\/div><\/div><\/div><div class=\"fusion-layout-column fusion_builder_column fusion-builder-column-9 fusion_builder_column_1_1 1_1 fusion-one-full fusion-column-first fusion-column-last fusion-column-no-min-height\" style=\"margin-top:0px;margin-bottom:0px;\"><div class=\"fusion-column-wrapper fusion-flex-column-wrapper-legacy\" style=\"background-position:left top;background-repeat:no-repeat;-webkit-background-size:cover;-moz-background-size:cover;-o-background-size:cover;background-size:cover;padding: 0px 0px 0px 0px;\"><style type=\"text\/css\"><\/style><div class=\"fusion-title title fusion-title-5 fusion-title-text fusion-title-size-three\" style=\"margin-top:0px;margin-right:0px;margin-bottom:31px;margin-left:0px;\"><h3 class=\"title-heading-left\" style=\"margin:0;\">Componentes<\/h3><span class=\"awb-title-spacer\"><\/span><div class=\"title-sep-container\"><div class=\"title-sep sep-single sep-solid\" style=\"border-color:#666666;\"><\/div><\/div><\/div><div class=\"fusion-text fusion-text-8\"><p>Los productos est\u00e1n formados por dos \u201cappliances\u201d, unidos mediante un dispositivo pasivo: uno se conectar\u00e1 a la red interna y otro a la red externa. En ellos no se ejecuta ninguna aplicaci\u00f3n software aparte de las propias del sistema. Se suministran con todo el software instalado, s\u00f3lo es necesario configurar los par\u00e1metros propios del entorno de trabajo.<\/p>\n<\/div><div class=\"fusion-clearfix\"><\/div><\/div><\/div><div class=\"fusion-layout-column fusion_builder_column fusion-builder-column-10 fusion_builder_column_1_1 1_1 fusion-one-full fusion-column-first fusion-column-last fusion-column-no-min-height\" style=\"margin-top:0px;margin-bottom:0px;\"><div class=\"fusion-column-wrapper fusion-flex-column-wrapper-legacy\" style=\"background-position:left top;background-repeat:no-repeat;-webkit-background-size:cover;-moz-background-size:cover;-o-background-size:cover;background-size:cover;padding: 0px 0px 0px 0px;\"><style type=\"text\/css\"><\/style><div class=\"fusion-title title fusion-title-6 fusion-title-text fusion-title-size-three\" style=\"margin-top:0px;margin-right:0px;margin-bottom:31px;margin-left:0px;\"><h3 class=\"title-heading-left\" style=\"margin:0;\">Administraci\u00f3n y auditoria<\/h3><span class=\"awb-title-spacer\"><\/span><div class=\"title-sep-container\"><div class=\"title-sep sep-single sep-solid\" style=\"border-color:#666666;\"><\/div><\/div><\/div><div class=\"fusion-text fusion-text-9\"><p>La administraci\u00f3n se realiza desde un ordenador de la red interna, usando la aplicaci\u00f3n PSTadm, que se conecta mediante TLS a la unidad interna PSTi. Adicionalmente, las pasarelas env\u00edan eventos del sistema mediante el protocolo \u2018syslog\u2019 a servidores situados en la red interna.<\/p>\n<p>Se almacena la informaci\u00f3n acerca de las transferencias realizadas por el sistema (por ejemplo, mensajes enviados a los destinatarios de la red interna) para su posterior auditor\u00eda. El componente software PSTaud, instalado en un equipo de la red interna, se encarga de insertar los registros de actividad en una base de datos ajena al sistema. La unidad interna se conecta de manera autom\u00e1tica a PSTaud mediante TLS.<\/p>\n<\/div><div class=\"fusion-clearfix\"><\/div><\/div><\/div><div class=\"fusion-layout-column fusion_builder_column fusion-builder-column-11 fusion_builder_column_1_1 1_1 fusion-one-full fusion-column-first fusion-column-last fusion-column-no-min-height\" style=\"margin-top:0px;margin-bottom:0px;\"><div class=\"fusion-column-wrapper fusion-flex-column-wrapper-legacy\" style=\"background-position:left top;background-repeat:no-repeat;-webkit-background-size:cover;-moz-background-size:cover;-o-background-size:cover;background-size:cover;padding: 0px 0px 0px 0px;\"><style type=\"text\/css\"><\/style><div class=\"fusion-title title fusion-title-7 fusion-title-text fusion-title-size-three\" style=\"margin-top:0px;margin-right:0px;margin-bottom:31px;margin-left:0px;\"><h3 class=\"title-heading-left\" style=\"margin:0;\">Datos t\u00e9cnicos<\/h3><span class=\"awb-title-spacer\"><\/span><div class=\"title-sep-container\"><div class=\"title-sep sep-single sep-solid\" style=\"border-color:#666666;\"><\/div><\/div><\/div><div class=\"fusion-text fusion-text-10\"><ul>\n<li>\u2018Appliances\u2019 de 19\u201d y 1U de altura<\/li>\n<li>Alta disponibilidad: opci\u00f3n de redundancia hardware<\/li>\n<li>Tasa de transferencia: 130 Mbps<\/li>\n<\/ul>\n<\/div><div class=\"fusion-clearfix\"><\/div><\/div><\/div><div class=\"fusion-layout-column fusion_builder_column fusion-builder-column-12 fusion_builder_column_1_1 1_1 fusion-one-full fusion-column-first fusion-column-last fusion-column-no-min-height\" style=\"margin-top:0px;margin-bottom:0px;\"><div class=\"fusion-column-wrapper fusion-flex-column-wrapper-legacy\" style=\"background-position:left top;background-repeat:no-repeat;-webkit-background-size:cover;-moz-background-size:cover;-o-background-size:cover;background-size:cover;padding: 0px 0px 0px 0px;\"><style type=\"text\/css\"><\/style><div class=\"fusion-title title fusion-title-8 fusion-title-text fusion-title-size-three\" style=\"margin-top:0px;margin-right:0px;margin-bottom:31px;margin-left:0px;\"><h3 class=\"title-heading-left\" style=\"margin:0;\">Comercializaci\u00f3n<\/h3><span class=\"awb-title-spacer\"><\/span><div class=\"title-sep-container\"><div class=\"title-sep sep-single sep-solid\" style=\"border-color:#666666;\"><\/div><\/div><\/div><div class=\"fusion-text fusion-text-11\"><ul>\n<li>El producto incluye 5 a\u00f1os de garant\u00eda hardware con la opci\u00f3n de conservar los discos duros en caso de aver\u00eda (\u2018Keep your hard drive\u2019)<\/li>\n<li>1 a\u00f1o de mantenimiento: soporte remoto y actualizaciones peri\u00f3dicas<\/li>\n<\/ul>\n<\/div><div class=\"fusion-clearfix\"><\/div><\/div><\/div><\/div><style type=\"text\/css\">.fusion-fullwidth.fusion-builder-row-1 { overflow:visible; }<\/style><\/div>\n","protected":false},"excerpt":{"rendered":"","protected":false},"author":5,"featured_media":0,"parent":0,"menu_order":0,"comment_status":"open","ping_status":"open","template":"","meta":[],"_links":{"self":[{"href":"https:\/\/www.pstmail.eu\/es\/wp-json\/wp\/v2\/pages\/1591"}],"collection":[{"href":"https:\/\/www.pstmail.eu\/es\/wp-json\/wp\/v2\/pages"}],"about":[{"href":"https:\/\/www.pstmail.eu\/es\/wp-json\/wp\/v2\/types\/page"}],"author":[{"embeddable":true,"href":"https:\/\/www.pstmail.eu\/es\/wp-json\/wp\/v2\/users\/5"}],"replies":[{"embeddable":true,"href":"https:\/\/www.pstmail.eu\/es\/wp-json\/wp\/v2\/comments?post=1591"}],"version-history":[{"count":26,"href":"https:\/\/www.pstmail.eu\/es\/wp-json\/wp\/v2\/pages\/1591\/revisions"}],"predecessor-version":[{"id":2268,"href":"https:\/\/www.pstmail.eu\/es\/wp-json\/wp\/v2\/pages\/1591\/revisions\/2268"}],"wp:attachment":[{"href":"https:\/\/www.pstmail.eu\/es\/wp-json\/wp\/v2\/media?parent=1591"}],"curies":[{"name":"wp","href":"https:\/\/api.w.org\/{rel}","templated":true}]}}