{"id":1596,"date":"2014-09-10T09:42:11","date_gmt":"2014-09-10T09:42:11","guid":{"rendered":"http:\/\/www.autek.es\/pstfile-3\/"},"modified":"2020-12-03T13:43:56","modified_gmt":"2020-12-03T13:43:56","slug":"pstfile","status":"publish","type":"page","link":"https:\/\/www.pstmail.eu\/es\/pstfile\/","title":{"rendered":"PSTfile"},"content":{"rendered":"<p><div class=\"fusion-fullwidth fullwidth-box fusion-builder-row-1 nonhundred-percent-fullwidth non-hundred-percent-height-scrolling\" style=\"background-color: rgba(255,255,255,0);background-position: center center;background-repeat: no-repeat;padding-top:0px;padding-right:0px;padding-bottom:0px;padding-left:0px;margin-bottom: 0px;margin-top: 0px;border-width: 0px 0px 0px 0px;border-color:#eae9e9;border-style:solid;\" ><div class=\"fusion-builder-row fusion-row\"><div class=\"fusion-layout-column fusion_builder_column fusion-builder-column-0 fusion_builder_column_1_1 1_1 fusion-one-full fusion-column-first fusion-column-last\" style=\"margin-top:0px;margin-bottom:0px;\"><div class=\"fusion-column-wrapper fusion-flex-column-wrapper-legacy\" style=\"background-position:left top;background-repeat:no-repeat;-webkit-background-size:cover;-moz-background-size:cover;-o-background-size:cover;background-size:cover;padding: 0px 0px 0px 0px;\"><div class=\"fusion-text fusion-text-1\"><p><a href=\"https:\/\/www.pstmail.eu\/wp-content\/uploads\/2014\/09\/PSTfile1-e1410339027944.png\"><img class=\"alignnone size-full wp-image-160\" src=\"https:\/\/www.pstmail.eu\/wp-content\/uploads\/2014\/09\/PSTfile1-e1410339027944.png\" alt=\"PSTfile\" width=\"349\" height=\"39\" srcset=\"https:\/\/www.pstmail.eu\/wp-content\/uploads\/2014\/09\/PSTfile1-e1410339027944-300x33.png 300w, https:\/\/www.pstmail.eu\/wp-content\/uploads\/2014\/09\/PSTfile1-e1410339027944.png 349w\" sizes=\"(max-width: 349px) 100vw, 349px\" \/><\/a><\/p>\n<p><span style=\"font-family: Museo; font-size: 20px;\">Pasarela segura de ficheros<\/span><br \/>\n<span style=\"font-size: 16px; color: #ba1800;\">Transferencia segura de ficheros entre redes aisladas<\/span><\/p>\n<p>PSTfile es un sistema autom\u00e1tico que permite mover o copiar ficheros entre dos redes TCP\/IP con diferentes grados de clasificaci\u00f3n o pol\u00edticas de seguridad garantizando su separaci\u00f3n. PSTfile permite controlar el flujo de informaci\u00f3n y monitorizar en tiempo real las transferencias.<\/p>\n<p>PSTfile es un producto de la familia <a href=\"\/es\/pstgateways\/\">PSTgateways<\/a>. Todos los productos de la familia comparten una arquitectura com\u00fan que proporciona la infraestructura de administraci\u00f3n y seguridad. Los distintos productos se diferencian en los flujos de datos, llamados servicios, que proporcionan.<\/p>\n<p><img class=\"aligncenter wp-image-1774\" src=\"https:\/\/www.pstmail.eu\/wp-content\/uploads\/2014\/09\/pstfile_es2.jpg\" alt=\"PSTfile\" width=\"770\" height=\"309\" \/><\/p>\n<\/div><div class=\"fusion-text fusion-text-2\"><p>PSTfile garantiza la imposibilidad de cualquier tipo de tr\u00e1fico entre las dos redes excepto los ficheros transmitidos por el propio sistema.<\/p>\n<p>La pasarela no sustituye a los servidores de FTP de las dos redes sino que los usa como elementos intermedios para el env\u00edo y obtenci\u00f3n de ficheros.<\/p>\n<p>La pasarela siempre act\u00faa como cliente en los protocolos soportados. Ambos servicios funcionan de manera autom\u00e1tica, una vez configurados los or\u00edgenes y destinos, con la diferencia de que la salida requiere que los ficheros est\u00e9n firmados para proceder a su transferencia.<\/p>\n<\/div><div class=\"fusion-text fusion-text-3\"><\/div><div class=\"fusion-clearfix\"><\/div><\/div><\/div><\/div><\/div><div class=\"fusion-fullwidth fullwidth-box fusion-builder-row-2 hundred-percent-fullwidth non-hundred-percent-height-scrolling\" style=\"background-color: rgba(255,255,255,0);background-position: center center;background-repeat: no-repeat;padding-top:0px;padding-right:0px;padding-bottom:0px;padding-left:0px;margin-bottom: 0px;margin-top: 0px;border-width: 0px 0px 0px 0px;border-color:#eae9e9;border-style:solid;\" ><div class=\"fusion-builder-row fusion-row\"><div class=\"fusion-layout-column fusion_builder_column fusion-builder-column-1 fusion_builder_column_1_1 1_1 fusion-one-full fusion-column-first fusion-column-last fusion-column-no-min-height\" style=\"margin-top:0px;margin-bottom:0px;\"><div class=\"fusion-column-wrapper fusion-flex-column-wrapper-legacy\" style=\"background-position:left top;background-repeat:no-repeat;-webkit-background-size:cover;-moz-background-size:cover;-o-background-size:cover;background-size:cover;padding: 0px 0px 0px 0px;\"><style type=\"text\/css\"><\/style><div class=\"fusion-title title fusion-title-1 fusion-title-text fusion-title-size-three\" style=\"margin-top:0px;margin-right:0px;margin-bottom:31px;margin-left:0px;\"><h3 class=\"title-heading-left\" style=\"margin:0;\">Entrada de ficheros<\/h3><span class=\"awb-title-spacer\"><\/span><div class=\"title-sep-container\"><div class=\"title-sep sep-single sep-solid\" style=\"border-color:#666666;\"><\/div><\/div><\/div><div class=\"fusion-text fusion-text-4\"><p>La pasarela gestiona de forma autom\u00e1tica la entrada de ficheros: consulta peri\u00f3dicamente los directorios de la red externa que se configuren, introduce a la red interna los ficheros que encuentre y los env\u00eda a los directorios de destino en la red interna que se establezcan por configuraci\u00f3n.<\/p>\n<p>Los ficheros entran a la red segura de manera transparente para los usuarios, aunque se les pueden aplicar pol\u00edticas de filtrado basados en nombre o tama\u00f1o.<\/p>\n<p style=\"padding-left: 30px;\"><strong>Canal de entrada de ficheros<\/strong><br \/>\nSe denomina as\u00ed a la correspondencia entre un directorio de origen en un servidor de ficheros de la red externa y un directorio de destino en un servidor de ficheros de la red interna.Existe adem\u00e1s una serie de par\u00e1metros que se pueden especificar de manera individual para cada canal, como por ejemplo la prioridad o el modo espejo o recursivo.<\/p>\n<\/div><div class=\"fusion-clearfix\"><\/div><\/div><\/div><div class=\"fusion-layout-column fusion_builder_column fusion-builder-column-2 fusion_builder_column_1_1 1_1 fusion-one-full fusion-column-first fusion-column-last fusion-column-no-min-height\" style=\"margin-top:0px;margin-bottom:0px;\"><div class=\"fusion-column-wrapper fusion-flex-column-wrapper-legacy\" style=\"background-position:left top;background-repeat:no-repeat;-webkit-background-size:cover;-moz-background-size:cover;-o-background-size:cover;background-size:cover;padding: 0px 0px 0px 0px;\"><style type=\"text\/css\"><\/style><div class=\"fusion-title title fusion-title-2 fusion-title-text fusion-title-size-three\" style=\"margin-top:0px;margin-right:0px;margin-bottom:31px;margin-left:0px;\"><h3 class=\"title-heading-left\" style=\"margin:0;\">Salida de ficheros<\/h3><span class=\"awb-title-spacer\"><\/span><div class=\"title-sep-container\"><div class=\"title-sep sep-single sep-solid\" style=\"border-color:#666666;\"><\/div><\/div><\/div><div class=\"fusion-text fusion-text-5\"><p>Funciona de la misma manera que la entrada de ficheros, con el origen de datos en la red aislada y el destino en la red externa. La mayor diferencia es que la salida requiere que los ficheros est\u00e9n firmados para proceder a su transferencia.<\/p>\n<\/div><div class=\"fusion-clearfix\"><\/div><\/div><\/div><div class=\"fusion-layout-column fusion_builder_column fusion-builder-column-3 fusion_builder_column_1_1 1_1 fusion-one-full fusion-column-first fusion-column-last fusion-column-no-min-height\" style=\"margin-top:0px;margin-bottom:0px;\"><div class=\"fusion-column-wrapper fusion-flex-column-wrapper-legacy\" style=\"background-position:left top;background-repeat:no-repeat;-webkit-background-size:cover;-moz-background-size:cover;-o-background-size:cover;background-size:cover;padding: 0px 0px 0px 0px;\"><style type=\"text\/css\"><\/style><div class=\"fusion-title title fusion-title-3 fusion-title-text fusion-title-size-three\" style=\"margin-top:0px;margin-right:0px;margin-bottom:31px;margin-left:0px;\"><h3 class=\"title-heading-left\" style=\"margin:0;\">Funciones principales<\/h3><span class=\"awb-title-spacer\"><\/span><div class=\"title-sep-container\"><div class=\"title-sep sep-single sep-solid\" style=\"border-color:#666666;\"><\/div><\/div><\/div><div class=\"fusion-clearfix\"><\/div><\/div><\/div><div class=\"fusion-layout-column fusion_builder_column fusion-builder-column-4 fusion_builder_column_1_3 1_3 fusion-one-third fusion-column-first\" style=\"width:33.333333333333%;width:calc(33.333333333333% - ( ( 4% + 4% ) * 0.33333333333333 ) );margin-right: 4%;margin-top:0px;margin-bottom:20px;\"><div class=\"fusion-column-wrapper fusion-flex-column-wrapper-legacy\" style=\"background-position:left top;background-blend-mode: overlay;background-repeat:no-repeat;-webkit-background-size:cover;-moz-background-size:cover;-o-background-size:cover;background-size:cover;padding: 0px 0px 0px 0px;\"><div class=\"fusion-text fusion-text-6\"><p style=\"padding-left: 30px;\"><strong>Seguridad<\/strong><\/p>\n<ul>\n<li>Certificado Common Criteria EAL 2+<\/li>\n<li>Los servicios de entrada y salida funcionan independientemente<\/li>\n<li>La salida de ficheros requiere autorizaci\u00f3n mediante firma digital de cada fichero<\/li>\n<li>La versi\u00f3n de entrada de ficheros puede reemplazar con muchas ventajas a un airgap manual o un diodo de datos<\/li>\n<\/ul>\n<\/div><div class=\"fusion-clearfix\"><\/div><\/div><\/div><div class=\"fusion-layout-column fusion_builder_column fusion-builder-column-5 fusion_builder_column_1_3 1_3 fusion-one-third\" style=\"width:33.333333333333%;width:calc(33.333333333333% - ( ( 4% + 4% ) * 0.33333333333333 ) );margin-right: 4%;margin-top:0px;margin-bottom:20px;\"><div class=\"fusion-column-wrapper fusion-flex-column-wrapper-legacy\" style=\"background-position:left top;background-blend-mode: overlay;background-repeat:no-repeat;-webkit-background-size:cover;-moz-background-size:cover;-o-background-size:cover;background-size:cover;padding: 0px 0px 0px 0px;\"><div class=\"fusion-text fusion-text-7\"><p style=\"padding-left: 30px;\"><strong>Usabilidad<\/strong><\/p>\n<ul>\n<li>Permite transferencia de ficheros en tiempo real<\/li>\n<li>Transparente para los usuarios de la red aislada<\/li>\n<li>F\u00e1cil instalaci\u00f3n \u2013 No es necesario instalar nada en los servidores de ficheros<\/li>\n<\/ul>\n<\/div><div class=\"fusion-clearfix\"><\/div><\/div><\/div><div class=\"fusion-layout-column fusion_builder_column fusion-builder-column-6 fusion_builder_column_1_3 1_3 fusion-one-third fusion-column-last\" style=\"width:33.333333333333%;width:calc(33.333333333333% - ( ( 4% + 4% ) * 0.33333333333333 ) );margin-top:0px;margin-bottom:20px;\"><div class=\"fusion-column-wrapper fusion-flex-column-wrapper-legacy\" style=\"background-position:left top;background-blend-mode: overlay;background-repeat:no-repeat;-webkit-background-size:cover;-moz-background-size:cover;-o-background-size:cover;background-size:cover;padding: 0px 0px 0px 0px;\"><div class=\"fusion-text fusion-text-8\"><p style=\"padding-left: 30px;\"><strong>Datos t\u00e9cnicos<\/strong><\/p>\n<ul>\n<li>Gestiona hasta 250 canales<\/li>\n<li>Soporta los protocolos de ficheros: FTP, FTPS, SMB<\/li>\n<li>Tasa de transferencia: 130 Mbps<\/li>\n<li>Tama\u00f1o m\u00e1ximo de fichero: 20 GB<\/li>\n<\/ul>\n<\/div><div class=\"fusion-clearfix\"><\/div><\/div><\/div><div class=\"fusion-layout-column fusion_builder_column fusion-builder-column-7 fusion_builder_column_1_1 1_1 fusion-one-full fusion-column-first fusion-column-last fusion-column-no-min-height\" style=\"margin-top:0px;margin-bottom:0px;\"><div class=\"fusion-column-wrapper fusion-flex-column-wrapper-legacy\" style=\"background-position:left top;background-repeat:no-repeat;-webkit-background-size:cover;-moz-background-size:cover;-o-background-size:cover;background-size:cover;padding: 0px 0px 0px 0px;\"><style type=\"text\/css\"><\/style><div class=\"fusion-title title fusion-title-4 fusion-title-text fusion-title-size-three\" style=\"margin-top:0px;margin-right:0px;margin-bottom:31px;margin-left:0px;\"><h3 class=\"title-heading-left\" style=\"margin:0;\">Documentos<\/h3><span class=\"awb-title-spacer\"><\/span><div class=\"title-sep-container\"><div class=\"title-sep sep-single sep-solid\" style=\"border-color:#666666;\"><\/div><\/div><\/div><ul class=\"fusion-checklist fusion-checklist-1\" style=\"font-size:14px;line-height:23.8px;\"><li style=\"background-color:rgba(255,255,255,0);\" class=\"fusion-li-item\"><span style=\"background-color:#607d8b;font-size:12.32px;height:23.8px;width:23.8px;margin-right:9.8px;\" class=\"icon-wrapper circle-yes\"><i class=\"fusion-li-icon fa-download fas\" style=\"color:#ffffff;\" aria-hidden=\"true\"><\/i><\/span><div class=\"fusion-li-item-content\" style=\"margin-left:33.6px;color:var(--awb-color8);\">\n<p><a href=\"https:\/\/doc.autek.es\/pstfile_ds_541-22_es.pdf\">Documentaci\u00f3n comercial<\/a><\/p>\n<\/div><\/li><li style=\"background-color:rgba(255,255,255,0);\" class=\"fusion-li-item\"><span style=\"background-color:#607d8b;font-size:12.32px;height:23.8px;width:23.8px;margin-right:9.8px;\" class=\"icon-wrapper circle-yes\"><i class=\"fusion-li-icon fa-download fas\" style=\"color:#ffffff;\" aria-hidden=\"true\"><\/i><\/span><div class=\"fusion-li-item-content\" style=\"margin-left:33.6px;color:var(--awb-color8);\">\n<p><a href=\"https:\/\/oc.ccn.cni.es\/index.php\/es\/catalogo-productos-stic\/listado-de-productos-aprobados\/209-pstfile-v4-4-2\">Producto aprobado (CCN)<\/a><\/p>\n<\/div><\/li><li style=\"background-color:rgba(255,255,255,0);\" class=\"fusion-li-item\"><span style=\"background-color:#607d8b;font-size:12.32px;height:23.8px;width:23.8px;margin-right:9.8px;\" class=\"icon-wrapper circle-yes\"><i class=\"fusion-li-icon fa-download fas\" style=\"color:#ffffff;\" aria-hidden=\"true\"><\/i><\/span><div class=\"fusion-li-item-content\" style=\"margin-left:33.6px;color:var(--awb-color8);\">\n<p><a href=\"https:\/\/oc.ccn.cni.es\/index.php\/es\/productos-certificados\/productos-certificados\/estado\/52-archivado\/27-pstfile\">Certificado Common Criteria<\/a><\/p>\n<\/div><\/li><li style=\"background-color:rgba(255,255,255,0);\" class=\"fusion-li-item\"><span style=\"background-color:#607d8b;font-size:12.32px;height:23.8px;width:23.8px;margin-right:9.8px;\" class=\"icon-wrapper circle-yes\"><i class=\"fusion-li-icon fa-download fas\" style=\"color:#ffffff;\" aria-hidden=\"true\"><\/i><\/span><div class=\"fusion-li-item-content\" style=\"margin-left:33.6px;color:var(--awb-color8);\">\n<p><a href=\"https:\/\/doc.autek.es\/pstfile_ow_545-19_es.pdf\">Visi\u00f3n general<\/a><\/p>\n<\/div><\/li><li style=\"background-color:rgba(255,255,255,0);\" class=\"fusion-li-item\"><span style=\"background-color:#607d8b;font-size:12.32px;height:23.8px;width:23.8px;margin-right:9.8px;\" class=\"icon-wrapper circle-yes\"><i class=\"fusion-li-icon fa-download fas\" style=\"color:#ffffff;\" aria-hidden=\"true\"><\/i><\/span><div class=\"fusion-li-item-content\" style=\"margin-left:33.6px;color:var(--awb-color8);\">\n<p><a href=\"https:\/\/doc.autek.es\/airgap_vs_pstfile.pdf\">Animation AirGap vs PSTfile: simplify keeping your isolated network up to date<\/a><\/p>\n<\/div><\/li><\/ul><div class=\"fusion-clearfix\"><\/div><\/div><\/div><\/div><style type=\"text\/css\">.fusion-fullwidth.fusion-builder-row-2 { overflow:visible; }<\/style><\/div><\/p>\n","protected":false},"excerpt":{"rendered":"","protected":false},"author":5,"featured_media":0,"parent":0,"menu_order":0,"comment_status":"open","ping_status":"open","template":"","meta":[],"_links":{"self":[{"href":"https:\/\/www.pstmail.eu\/es\/wp-json\/wp\/v2\/pages\/1596"}],"collection":[{"href":"https:\/\/www.pstmail.eu\/es\/wp-json\/wp\/v2\/pages"}],"about":[{"href":"https:\/\/www.pstmail.eu\/es\/wp-json\/wp\/v2\/types\/page"}],"author":[{"embeddable":true,"href":"https:\/\/www.pstmail.eu\/es\/wp-json\/wp\/v2\/users\/5"}],"replies":[{"embeddable":true,"href":"https:\/\/www.pstmail.eu\/es\/wp-json\/wp\/v2\/comments?post=1596"}],"version-history":[{"count":31,"href":"https:\/\/www.pstmail.eu\/es\/wp-json\/wp\/v2\/pages\/1596\/revisions"}],"predecessor-version":[{"id":2207,"href":"https:\/\/www.pstmail.eu\/es\/wp-json\/wp\/v2\/pages\/1596\/revisions\/2207"}],"wp:attachment":[{"href":"https:\/\/www.pstmail.eu\/es\/wp-json\/wp\/v2\/media?parent=1596"}],"curies":[{"name":"wp","href":"https:\/\/api.w.org\/{rel}","templated":true}]}}