{"id":1601,"date":"2014-09-10T09:42:59","date_gmt":"2014-09-10T09:42:59","guid":{"rendered":"http:\/\/www.autek.es\/pstdoc-3\/"},"modified":"2020-12-03T14:03:24","modified_gmt":"2020-12-03T14:03:24","slug":"pstdoc","status":"publish","type":"page","link":"https:\/\/www.pstmail.eu\/es\/pstdoc\/","title":{"rendered":"PSTdoc"},"content":{"rendered":"<p><div class=\"fusion-fullwidth fullwidth-box fusion-builder-row-1 nonhundred-percent-fullwidth non-hundred-percent-height-scrolling\" style=\"background-color: rgba(255,255,255,0);background-position: center center;background-repeat: no-repeat;padding-top:0px;padding-right:0px;padding-bottom:0px;padding-left:0px;margin-bottom: 0px;margin-top: 0px;border-width: 0px 0px 0px 0px;border-color:#eae9e9;border-style:solid;\" ><div class=\"fusion-builder-row fusion-row\"><div class=\"fusion-layout-column fusion_builder_column fusion-builder-column-0 fusion_builder_column_1_1 1_1 fusion-one-full fusion-column-first fusion-column-last\" style=\"margin-top:0px;margin-bottom:0px;\"><div class=\"fusion-column-wrapper fusion-flex-column-wrapper-legacy\" style=\"background-position:left top;background-repeat:no-repeat;-webkit-background-size:cover;-moz-background-size:cover;-o-background-size:cover;background-size:cover;padding: 0px 0px 0px 0px;\"><div class=\"fusion-text fusion-text-1\"><p><img class=\"alignnone size-full wp-image-222\" src=\"https:\/\/www.pstmail.eu\/wp-content\/uploads\/2014\/09\/PSTdoc2.png\" alt=\"PSTdoc\" width=\"205\" height=\"40\" \/><\/p>\n<p><span style=\"font-family: Museo; font-size: 20px;\">Pasarela segura de acceso a documentos<\/span><\/p>\n<p><span style=\"font-size: 16px; color: #ba1800;\">Transferencia de ficheros bajo demanda<\/span><\/p>\n<p>PSTdoc permite acceder bajo demanda a documentos situados en servidores de ficheros en otra red. Los usuarios acceden al sistema mediante HTTPS con un navegador est\u00e1ndar. Navegan por las carpetas a las que tienen acceso por configuraci\u00f3n en servidores de la otra red y obtienen una copia de los documentos que les interesen.<\/p>\n<p>El acceso a los documentos de la red interna desde la red externa se controla mediante etiquetado de seguridad est\u00e1ndar.<\/p>\n<p>PSTdoc es un producto de la familia\u00a0<a href=\"\/es\/pstgateways\/\">PSTgateways<\/a>. Todos los productos de la familia comparten una arquitectura com\u00fan que proporciona la infraestructura de administraci\u00f3n y seguridad. Los distintos productos se diferencian en los flujos de datos, llamados servicios, que proporcionan.<\/p>\n<\/div><div class=\"fusion-clearfix\"><\/div><\/div><\/div><\/div><\/div><div class=\"fusion-fullwidth fullwidth-box fusion-builder-row-2 hundred-percent-fullwidth non-hundred-percent-height-scrolling\" style=\"background-color: rgba(255,255,255,0);background-position: center center;background-repeat: no-repeat;padding-top:0px;padding-right:0px;padding-bottom:0px;padding-left:0px;margin-bottom: 0px;margin-top: 0px;border-width: 0px 0px 0px 0px;border-color:#eae9e9;border-style:solid;\" ><div class=\"fusion-builder-row fusion-row\"><div class=\"fusion-layout-column fusion_builder_column fusion-builder-column-1 fusion_builder_column_1_2 1_2 fusion-one-half fusion-column-first\" style=\"width:50%;width:calc(50% - ( ( 4% ) * 0.5 ) );margin-right: 4%;margin-top:0px;margin-bottom:20px;\"><div class=\"fusion-column-wrapper fusion-flex-column-wrapper-legacy\" style=\"background-position:left top;background-blend-mode: overlay;background-repeat:no-repeat;-webkit-background-size:cover;-moz-background-size:cover;-o-background-size:cover;background-size:cover;padding: 0px 0px 0px 0px;\"><div class=\"fusion-text fusion-text-2\"><div id=\"attachment_1789\" style=\"width: 618px\" class=\"wp-caption aligncenter\"><img aria-describedby=\"caption-attachment-1789\" class=\"wp-image-1789\" src=\"https:\/\/www.pstmail.eu\/wp-content\/uploads\/2014\/09\/pstdoc_in_es.jpg\" alt=\"PSTdoc\" width=\"608\" height=\"347\" \/><p id=\"caption-attachment-1789\" class=\"wp-caption-text\">Entrada de ficheros bajo demanda<\/p><\/div>\n<\/div><div class=\"fusion-clearfix\"><\/div><\/div><\/div><div class=\"fusion-layout-column fusion_builder_column fusion-builder-column-2 fusion_builder_column_1_2 1_2 fusion-one-half fusion-column-last\" style=\"width:50%;width:calc(50% - ( ( 4% ) * 0.5 ) );margin-top:0px;margin-bottom:20px;\"><div class=\"fusion-column-wrapper fusion-flex-column-wrapper-legacy\" style=\"background-position:left top;background-blend-mode: overlay;background-repeat:no-repeat;-webkit-background-size:cover;-moz-background-size:cover;-o-background-size:cover;background-size:cover;padding: 0px 0px 0px 0px;\"><div class=\"fusion-text fusion-text-3\"><div id=\"attachment_1791\" style=\"width: 618px\" class=\"wp-caption aligncenter\"><img aria-describedby=\"caption-attachment-1791\" class=\"wp-image-1791\" src=\"https:\/\/www.pstmail.eu\/wp-content\/uploads\/2014\/09\/pstdoc_out_es.jpg\" alt=\"PSTdoc\" width=\"608\" height=\"331\" \/><p id=\"caption-attachment-1791\" class=\"wp-caption-text\">Salida de ficheros bajo demanda<\/p><\/div>\n<\/div><div class=\"fusion-clearfix\"><\/div><\/div><\/div><div class=\"fusion-layout-column fusion_builder_column fusion-builder-column-3 fusion_builder_column_1_1 1_1 fusion-one-full fusion-column-first fusion-column-last\" style=\"margin-top:0px;margin-bottom:0px;\"><div class=\"fusion-column-wrapper fusion-flex-column-wrapper-legacy\" style=\"background-position:left top;background-repeat:no-repeat;-webkit-background-size:cover;-moz-background-size:cover;-o-background-size:cover;background-size:cover;padding: 0px 0px 0px 0px;\"><div class=\"fusion-text fusion-text-4\"><p>PSTdoc garantiza la imposibilidad de cualquier tipo de tr\u00e1fico entre las dos redes excepto los ficheros transmitidos por el propio sistema.<\/p>\n<p>La pasarela no sustituye a los servidores de ficheros de la red remota sino que los usa como elementos intermedios para el env\u00edo y recepci\u00f3n de ficheros. La pasarela se administra exclusivamente desde la red aislada.<\/p>\n<\/div><div class=\"fusion-clearfix\"><\/div><\/div><\/div><div class=\"fusion-layout-column fusion_builder_column fusion-builder-column-4 fusion_builder_column_1_1 1_1 fusion-one-full fusion-column-first fusion-column-last fusion-column-no-min-height\" style=\"margin-top:0px;margin-bottom:0px;\"><div class=\"fusion-column-wrapper fusion-flex-column-wrapper-legacy\" style=\"background-position:left top;background-repeat:no-repeat;-webkit-background-size:cover;-moz-background-size:cover;-o-background-size:cover;background-size:cover;padding: 0px 0px 0px 0px;\"><style type=\"text\/css\"><\/style><div class=\"fusion-title title fusion-title-1 fusion-title-text fusion-title-size-three\" style=\"margin-top:0px;margin-right:0px;margin-bottom:31px;margin-left:0px;\"><h3 class=\"title-heading-left\" style=\"margin:0;\">Entrada de ficheros bajo demanda<\/h3><span class=\"awb-title-spacer\"><\/span><div class=\"title-sep-container\"><div class=\"title-sep sep-single sep-solid\" style=\"border-color:#666666;\"><\/div><\/div><\/div><div class=\"fusion-text fusion-text-5\"><p>Permite a los usuarios de la red aislada acceder a los ficheros situados en servidores de ficheros de la red externa.<\/p>\n<p>Los usuarios deben estar dados de alta en la pasarela para que puedan utilizar este servicio. El acceso de los usuarios de la red aislada se realiza mediante el protocolo HTTPS, usando un navegador est\u00e1ndar\u00a0 y un certificado digital.<\/p>\n<p>Una vez que el certificado del usuario ha sido validado, aparece la lista de ubicaciones disponibles (servidores de datos en la red externa). Haciendo clic en una ubicaci\u00f3n se muestra el directorio base de dicha ubicaci\u00f3n. El usuario puede navegar por el directorio base (incluidos los subdirectorios) y puede descargarse cualquier fichero que encuentre.<\/p>\n<\/div><div class=\"fusion-clearfix\"><\/div><\/div><\/div><div class=\"fusion-layout-column fusion_builder_column fusion-builder-column-5 fusion_builder_column_1_1 1_1 fusion-one-full fusion-column-first fusion-column-last fusion-column-no-min-height\" style=\"margin-top:0px;margin-bottom:0px;\"><div class=\"fusion-column-wrapper fusion-flex-column-wrapper-legacy\" style=\"background-position:left top;background-repeat:no-repeat;-webkit-background-size:cover;-moz-background-size:cover;-o-background-size:cover;background-size:cover;padding: 0px 0px 0px 0px;\"><style type=\"text\/css\"><\/style><div class=\"fusion-title title fusion-title-2 fusion-title-text fusion-title-size-three\" style=\"margin-top:0px;margin-right:0px;margin-bottom:31px;margin-left:0px;\"><h3 class=\"title-heading-left\" style=\"margin:0;\">Salida de ficheros bajo demanda<\/h3><span class=\"awb-title-spacer\"><\/span><div class=\"title-sep-container\"><div class=\"title-sep sep-single sep-solid\" style=\"border-color:#666666;\"><\/div><\/div><\/div><div class=\"fusion-text fusion-text-6\"><p>Funciona de la misma manera que la entrada de ficheros bajo demanda, con las ubicaciones (directorio base en los servidores de ficheros) en la red aislada y los usuarios situados en la red externa. La mayor diferencia es que el acceso a los documentos de la red aislada se controla usando un etiquetado de seguridad est\u00e1ndar.<\/p>\n<p>Los usuarios navegan a trav\u00e9s de los servidores de ficheros de la red aislada. Cuando solicitan un fichero se realizan las siguientes comprobaciones de seguridad:<\/p>\n<ul>\n<li>Fichero de etiquetado de seguridad correspondiente al contenido, presente y con el formato soportado.<\/li>\n<li>Integridad del contenido y del etiquetado de seguridad.<\/li>\n<li>Clasificaci\u00f3n relativa del contenido y de la red de destino compatibles.<\/li>\n<li>La habilitaci\u00f3n de seguridad del usuario le faculta para acceder al contenido de acuerdo a la pol\u00edtica configurada.<\/li>\n<\/ul>\n<p style=\"padding-left: 30px;\"><strong>Etiquetado de seguridad<\/strong><br \/>\nPara que un fichero se transfiera debe existir, en el mismo directorio, un fichero de etiquetado de igual nombre. Solo aquellas autoridades de firma que posean un certificado v\u00e1lido para el servicio podr\u00e1n crear estos ficheros de etiquetado.<br \/>\nEl formato debe cumplir el est\u00e1ndar de etiquetado OTAN. Se trata de un fichero con formato XML y que cumple la especificaci\u00f3n XML Signature Syntax and Processign (Second Edition), W3C.<br \/>\nContendr\u00e1, adem\u00e1s del etiquetado de seguridad compatible con la pol\u00edtica de seguridad configurada, la ligadura fuerte (&#8216;strong binding&#8217;) realizado mediante firma digital, entre el fichero de datos y el etiquetado de seguridad.<\/p>\n<\/div><div class=\"fusion-clearfix\"><\/div><\/div><\/div><div class=\"fusion-layout-column fusion_builder_column fusion-builder-column-6 fusion_builder_column_1_1 1_1 fusion-one-full fusion-column-first fusion-column-last fusion-column-no-min-height\" style=\"margin-top:0px;margin-bottom:0px;\"><div class=\"fusion-column-wrapper fusion-flex-column-wrapper-legacy\" style=\"background-position:left top;background-repeat:no-repeat;-webkit-background-size:cover;-moz-background-size:cover;-o-background-size:cover;background-size:cover;padding: 0px 0px 0px 0px;\"><style type=\"text\/css\"><\/style><div class=\"fusion-title title fusion-title-3 fusion-title-text fusion-title-size-three\" style=\"margin-top:0px;margin-right:0px;margin-bottom:31px;margin-left:0px;\"><h3 class=\"title-heading-left\" style=\"margin:0;\">Funciones principales<\/h3><span class=\"awb-title-spacer\"><\/span><div class=\"title-sep-container\"><div class=\"title-sep sep-single sep-solid\" style=\"border-color:#666666;\"><\/div><\/div><\/div><div class=\"fusion-clearfix\"><\/div><\/div><\/div><div class=\"fusion-layout-column fusion_builder_column fusion-builder-column-7 fusion_builder_column_1_3 1_3 fusion-one-third fusion-column-first\" style=\"width:33.333333333333%;width:calc(33.333333333333% - ( ( 4% + 4% ) * 0.33333333333333 ) );margin-right: 4%;margin-top:0px;margin-bottom:20px;\"><div class=\"fusion-column-wrapper fusion-flex-column-wrapper-legacy\" style=\"background-position:left top;background-blend-mode: overlay;background-repeat:no-repeat;-webkit-background-size:cover;-moz-background-size:cover;-o-background-size:cover;background-size:cover;padding: 0px 0px 0px 0px;\"><div class=\"fusion-text fusion-text-7\"><p style=\"padding-left: 30px;\"><strong>Seguridad<\/strong><\/p>\n<ul>\n<li>Los servicios de entrada y salida funcionan independientemente<\/li>\n<li>Todos los documentos deben tener un etiquetado de seguridad<\/li>\n<li>La habilitaci\u00f3n de seguridad del usuario y la red es comprobada contra el etiquetado de seguridad antes de transferir<\/li>\n<\/ul>\n<\/div><div class=\"fusion-clearfix\"><\/div><\/div><\/div><div class=\"fusion-layout-column fusion_builder_column fusion-builder-column-8 fusion_builder_column_1_3 1_3 fusion-one-third\" style=\"width:33.333333333333%;width:calc(33.333333333333% - ( ( 4% + 4% ) * 0.33333333333333 ) );margin-right: 4%;margin-top:0px;margin-bottom:20px;\"><div class=\"fusion-column-wrapper fusion-flex-column-wrapper-legacy\" style=\"background-position:left top;background-blend-mode: overlay;background-repeat:no-repeat;-webkit-background-size:cover;-moz-background-size:cover;-o-background-size:cover;background-size:cover;padding: 0px 0px 0px 0px;\"><div class=\"fusion-text fusion-text-8\"><p style=\"padding-left: 30px;\"><strong>Usabilidad<\/strong><\/p>\n<ul>\n<li>Permite navegaci\u00f3n en tiempo real por servidores de ficheros<\/li>\n<li>F\u00e1cil instalaci\u00f3n \u2013 No es necesario instalar nada en los servidores de ficheros ni en los ordenadores de los usuario<\/li>\n<\/ul>\n<\/div><div class=\"fusion-clearfix\"><\/div><\/div><\/div><div class=\"fusion-layout-column fusion_builder_column fusion-builder-column-9 fusion_builder_column_1_3 1_3 fusion-one-third fusion-column-last\" style=\"width:33.333333333333%;width:calc(33.333333333333% - ( ( 4% + 4% ) * 0.33333333333333 ) );margin-top:0px;margin-bottom:20px;\"><div class=\"fusion-column-wrapper fusion-flex-column-wrapper-legacy\" style=\"background-position:left top;background-blend-mode: overlay;background-repeat:no-repeat;-webkit-background-size:cover;-moz-background-size:cover;-o-background-size:cover;background-size:cover;padding: 0px 0px 0px 0px;\"><div class=\"fusion-text fusion-text-9\"><p style=\"padding-left: 30px;\"><strong>Datos t\u00e9cnicos<\/strong><\/p>\n<ul>\n<li>Soporta hasta 500 usuarios<\/li>\n<li>Soporta los protocolos de Internet: HTTPS, FTP, FTPS, SMB<\/li>\n<li>Tasa de transferencia: 130 Mbps<\/li>\n<li>Tama\u00f1o m\u00e1ximo de documentos: 50 M<\/li>\n<\/ul>\n<\/div><div class=\"fusion-clearfix\"><\/div><\/div><\/div><div class=\"fusion-layout-column fusion_builder_column fusion-builder-column-10 fusion_builder_column_1_1 1_1 fusion-one-full fusion-column-first fusion-column-last fusion-column-no-min-height\" style=\"margin-top:0px;margin-bottom:0px;\"><div class=\"fusion-column-wrapper fusion-flex-column-wrapper-legacy\" style=\"background-position:left top;background-repeat:no-repeat;-webkit-background-size:cover;-moz-background-size:cover;-o-background-size:cover;background-size:cover;padding: 0px 0px 0px 0px;\"><style type=\"text\/css\"><\/style><div class=\"fusion-title title fusion-title-4 fusion-title-text fusion-title-size-three\" style=\"margin-top:0px;margin-right:0px;margin-bottom:31px;margin-left:0px;\"><h3 class=\"title-heading-left\" style=\"margin:0;\">Documentos<\/h3><span class=\"awb-title-spacer\"><\/span><div class=\"title-sep-container\"><div class=\"title-sep sep-single sep-solid\" style=\"border-color:#666666;\"><\/div><\/div><\/div><ul class=\"fusion-checklist fusion-checklist-1\" style=\"font-size:14px;line-height:23.8px;\"><li style=\"background-color:rgba(255,255,255,0);\" class=\"fusion-li-item\"><span style=\"background-color:#607d8b;font-size:12.32px;height:23.8px;width:23.8px;margin-right:9.8px;\" class=\"icon-wrapper circle-yes\"><i class=\"fusion-li-icon fa-download fas\" style=\"color:#ffffff;\" aria-hidden=\"true\"><\/i><\/span><div class=\"fusion-li-item-content\" style=\"margin-left:33.6px;color:var(--awb-color8);\">\n<p><a href=\"https:\/\/doc.autek.es\/pstdoc_ds_541-31_es.pdf\">Documentaci\u00f3n comercial<\/a><\/p>\n<\/div><\/li><li style=\"background-color:rgba(255,255,255,0);\" class=\"fusion-li-item\"><span style=\"background-color:#607d8b;font-size:12.32px;height:23.8px;width:23.8px;margin-right:9.8px;\" class=\"icon-wrapper circle-yes\"><i class=\"fusion-li-icon fa-download fas\" style=\"color:#ffffff;\" aria-hidden=\"true\"><\/i><\/span><div class=\"fusion-li-item-content\" style=\"margin-left:33.6px;color:var(--awb-color8);\">\n<p><a href=\"https:\/\/doc.autek.es\/airgap_vs_pstdoc.pdf\">Animaci\u00f3n AirGap vs PSTdoc: \u00abget a document from other network\u00bb<\/a><\/p>\n<\/div><\/li><\/ul><div class=\"fusion-clearfix\"><\/div><\/div><\/div><\/div><style type=\"text\/css\">.fusion-fullwidth.fusion-builder-row-2 { overflow:visible; }<\/style><\/div><\/p>\n","protected":false},"excerpt":{"rendered":"","protected":false},"author":5,"featured_media":0,"parent":0,"menu_order":0,"comment_status":"open","ping_status":"open","template":"","meta":[],"_links":{"self":[{"href":"https:\/\/www.pstmail.eu\/es\/wp-json\/wp\/v2\/pages\/1601"}],"collection":[{"href":"https:\/\/www.pstmail.eu\/es\/wp-json\/wp\/v2\/pages"}],"about":[{"href":"https:\/\/www.pstmail.eu\/es\/wp-json\/wp\/v2\/types\/page"}],"author":[{"embeddable":true,"href":"https:\/\/www.pstmail.eu\/es\/wp-json\/wp\/v2\/users\/5"}],"replies":[{"embeddable":true,"href":"https:\/\/www.pstmail.eu\/es\/wp-json\/wp\/v2\/comments?post=1601"}],"version-history":[{"count":21,"href":"https:\/\/www.pstmail.eu\/es\/wp-json\/wp\/v2\/pages\/1601\/revisions"}],"predecessor-version":[{"id":2209,"href":"https:\/\/www.pstmail.eu\/es\/wp-json\/wp\/v2\/pages\/1601\/revisions\/2209"}],"wp:attachment":[{"href":"https:\/\/www.pstmail.eu\/es\/wp-json\/wp\/v2\/media?parent=1601"}],"curies":[{"name":"wp","href":"https:\/\/api.w.org\/{rel}","templated":true}]}}