{"id":1916,"date":"2018-10-22T12:23:03","date_gmt":"2018-10-22T12:23:03","guid":{"rendered":"http:\/\/www.autek.es\/?page_id=1916"},"modified":"2022-01-18T10:50:17","modified_gmt":"2022-01-18T10:50:17","slug":"pstdiode","status":"publish","type":"page","link":"https:\/\/www.pstmail.eu\/es\/pstdiode\/","title":{"rendered":"PSTdiode"},"content":{"rendered":"<div class=\"fusion-fullwidth fullwidth-box fusion-builder-row-1 hundred-percent-fullwidth non-hundred-percent-height-scrolling\" style=\"background-color: rgba(255,255,255,0);background-position: center center;background-repeat: no-repeat;padding-top:0px;padding-right:0px;padding-bottom:0px;padding-left:0px;margin-bottom: 0px;margin-top: 0px;border-width: 0px 0px 0px 0px;border-color:#eae9e9;border-style:solid;\" ><div class=\"fusion-builder-row fusion-row\"><div class=\"fusion-layout-column fusion_builder_column fusion-builder-column-0 fusion_builder_column_1_1 1_1 fusion-one-full fusion-column-first fusion-column-last fusion-column-no-min-height\" style=\"margin-top:0px;margin-bottom:0px;\"><div class=\"fusion-column-wrapper fusion-flex-column-wrapper-legacy\" style=\"background-position:left top;background-repeat:no-repeat;-webkit-background-size:cover;-moz-background-size:cover;-o-background-size:cover;background-size:cover;padding: 0px 0px 0px 0px;\"><style type=\"text\/css\"><\/style><div class=\"fusion-title title fusion-title-1 fusion-title-text fusion-title-size-two\" style=\"margin-top:0px;margin-right:0px;margin-bottom:31px;margin-left:0px;\"><h2 class=\"title-heading-left\" style=\"margin:0;\">PSTdiode<\/h2><span class=\"awb-title-spacer\"><\/span><div class=\"title-sep-container\"><div class=\"title-sep sep-double sep-solid\" style=\"border-color:#666666;\"><\/div><\/div><\/div><div class=\"fusion-text fusion-text-1\"><p><img class=\"aligncenter wp-image-1924 size-full\" src=\"https:\/\/www.pstmail.eu\/wp-content\/uploads\/2018\/10\/pst_diode_esquema1.png\" alt=\"\" width=\"1038\" height=\"310\" srcset=\"https:\/\/www.pstmail.eu\/wp-content\/uploads\/2018\/10\/pst_diode_esquema1-300x90.png 300w, https:\/\/www.pstmail.eu\/wp-content\/uploads\/2018\/10\/pst_diode_esquema1-1024x306.png 1024w, https:\/\/www.pstmail.eu\/wp-content\/uploads\/2018\/10\/pst_diode_esquema1.png 1038w\" sizes=\"(max-width: 1038px) 100vw, 1038px\" \/><\/p>\n<\/div><div class=\"fusion-clearfix\"><\/div><\/div><\/div><div class=\"fusion-layout-column fusion_builder_column fusion-builder-column-1 fusion_builder_column_1_3 1_3 fusion-one-third fusion-column-first\" style=\"width:33.333333333333%;width:calc(33.333333333333% - ( ( 4% + 4% ) * 0.33333333333333 ) );margin-right: 4%;margin-top:0px;margin-bottom:20px;\"><div class=\"fusion-column-wrapper fusion-flex-column-wrapper-legacy\" style=\"background-position:left top;background-blend-mode: overlay;background-repeat:no-repeat;-webkit-background-size:cover;-moz-background-size:cover;-o-background-size:cover;background-size:cover;padding: 0px 0px 0px 0px;\"><div class=\"fusion-text fusion-text-2\"><p>PSTdiode transfiere informaci\u00f3n en un \u00fanico sentido entre dos dominios de seguridad aislados con garant\u00eda f\u00edsica de transmisi\u00f3n unidireccional.<br \/>\nPSTdiode est\u00e1 formado por dos appliances de 19\u201d con la parte correspondiente del hardware de comunicaci\u00f3n unidireccional en cada uno de ellos y con todo el software necesario instalado (firmware). El firmware de los appliances esta personalizado y<\/p>\n<\/div><div class=\"fusion-clearfix\"><\/div><\/div><\/div><div class=\"fusion-layout-column fusion_builder_column fusion-builder-column-2 fusion_builder_column_1_3 1_3 fusion-one-third\" style=\"width:33.333333333333%;width:calc(33.333333333333% - ( ( 4% + 4% ) * 0.33333333333333 ) );margin-right: 4%;margin-top:0px;margin-bottom:20px;\"><div class=\"fusion-column-wrapper fusion-flex-column-wrapper-legacy\" style=\"background-position:left top;background-blend-mode: overlay;background-repeat:no-repeat;-webkit-background-size:cover;-moz-background-size:cover;-o-background-size:cover;background-size:cover;padding: 0px 0px 0px 0px;\"><div class=\"fusion-text fusion-text-3\"><p>securizado, se ejecuta desde una partici\u00f3n de solo lectura e incluye una herramienta de control de integridad de la partici\u00f3n. El firmware es f\u00e1cilmente actualizable y se mantiene la configuraci\u00f3n en el proceso.<br \/>\nEl sistema se configura remotamente una vez establecidos, en ambos appliances, los par\u00e1metros de red y PKI mediante una interfaz local.<\/p>\n<\/div><div class=\"fusion-clearfix\"><\/div><\/div><\/div><div class=\"fusion-layout-column fusion_builder_column fusion-builder-column-3 fusion_builder_column_1_3 1_3 fusion-one-third fusion-column-last\" style=\"width:33.333333333333%;width:calc(33.333333333333% - ( ( 4% + 4% ) * 0.33333333333333 ) );margin-top:0px;margin-bottom:20px;\"><div class=\"fusion-column-wrapper fusion-flex-column-wrapper-legacy\" style=\"background-position:left top;background-blend-mode: overlay;background-repeat:no-repeat;-webkit-background-size:cover;-moz-background-size:cover;-o-background-size:cover;background-size:cover;padding: 0px 0px 0px 0px;\"><div class=\"fusion-text fusion-text-4\"><p><span style=\"color: #009e9d;\">Basado en el dispositivo de comunicaci\u00f3n<br \/>\nunidireccional PSTdiode ATKDDL\u00ae desarrollado por Autek Ingenier\u00eda y certificado Common Criteria EAL 4+ (AVA_VAN.5, ALC_FLR.3).<br \/>\nEste dispositivo se compone de una tarjeta transmisora y una tarjeta receptora en la unidad de destino, unidas mediante un cable de fibra \u00f3ptica.<br \/>\n<\/span><\/p>\n<\/div><div class=\"fusion-clearfix\"><\/div><\/div><\/div><div class=\"fusion-layout-column fusion_builder_column fusion-builder-column-4 fusion_builder_column_1_3 1_3 fusion-one-third fusion-column-first\" style=\"width:33.333333333333%;width:calc(33.333333333333% - ( ( 4% ) * 0.33333333333333 ) );margin-right: 4%;margin-top:0px;margin-bottom:20px;\"><div class=\"fusion-column-wrapper fusion-flex-column-wrapper-legacy\" style=\"background-position:left top;background-blend-mode: overlay;background-repeat:no-repeat;-webkit-background-size:cover;-moz-background-size:cover;-o-background-size:cover;background-size:cover;padding: 0px 0px 0px 0px;\"><div class=\"fusion-text fusion-text-5\"><p>&nbsp;<\/p>\n<p>&nbsp;<\/p>\n<p>&nbsp;<\/p>\n<p>&nbsp;<\/p>\n<p style=\"text-align: right;\"><strong><br \/>\n<span style=\"text-align: right; font-size: 18px; color: #009e9d;\">EL SISTEMA SE INTEGRA CON LA<\/span><br \/>\n<span style=\"font-size: 18px; color: #009e9d;\">INFRAESTRUCTURA EXISTENTE:<\/span><br \/>\n<span style=\"font-size: 18px; color: #009e9d;\">NO ES NECESARIO INSTALAR<\/span><br \/>\n<span style=\"font-size: 18px; color: #009e9d;\">PROXIES, NI SERVIDORES<\/span><br \/>\n<span style=\"font-size: 18px; color: #009e9d;\">DEDICADOS ADICIONALES.<\/span><br \/>\n<\/strong><\/p>\n<\/div><div class=\"fusion-clearfix\"><\/div><\/div><\/div><div class=\"fusion-layout-column fusion_builder_column fusion-builder-column-5 fusion_builder_column_2_3 2_3 fusion-two-third fusion-column-last\" style=\"width:66.666666666667%;width:calc(66.666666666667% - ( ( 4% ) * 0.66666666666667 ) );margin-top:0px;margin-bottom:20px;\"><div class=\"fusion-column-wrapper fusion-flex-column-wrapper-legacy\" style=\"background-position:left top;background-blend-mode: overlay;background-repeat:no-repeat;-webkit-background-size:cover;-moz-background-size:cover;-o-background-size:cover;background-size:cover;padding: 0px 0px 0px 0px;\"><div class=\"fusion-text fusion-text-6\"><p><img class=\"aligncenter size-full wp-image-1926\" src=\"https:\/\/www.pstmail.eu\/wp-content\/uploads\/2018\/10\/pst_diode_esquema2.png\" alt=\"\" width=\"744\" height=\"678\" srcset=\"https:\/\/www.pstmail.eu\/wp-content\/uploads\/2018\/10\/pst_diode_esquema2-300x273.png 300w, https:\/\/www.pstmail.eu\/wp-content\/uploads\/2018\/10\/pst_diode_esquema2.png 744w\" sizes=\"(max-width: 744px) 100vw, 744px\" \/><\/p>\n<\/div><div class=\"fusion-clearfix\"><\/div><\/div><\/div><div class=\"fusion-layout-column fusion_builder_column fusion-builder-column-6 fusion_builder_column_1_3 1_3 fusion-one-third fusion-column-first\" style=\"width:33.333333333333%;width:calc(33.333333333333% - ( ( 4% + 4% ) * 0.33333333333333 ) );margin-right: 4%;margin-top:0px;margin-bottom:20px;\"><div class=\"fusion-column-wrapper fusion-flex-column-wrapper-legacy\" style=\"background-position:left top;background-blend-mode: overlay;background-repeat:no-repeat;-webkit-background-size:cover;-moz-background-size:cover;-o-background-size:cover;background-size:cover;padding: 0px 0px 0px 0px;\"><div class=\"fusion-text fusion-text-7\"><p>Se incluyen dos componentes adicionales de software uno para la administraci\u00f3n (PSTadm) y otro para el registro de transferencias (PSTaud) que funcionan en ordenadores de prop\u00f3sito general. PSTadm permite distintos roles de administrador, gestionados<\/p>\n<\/div><div class=\"fusion-clearfix\"><\/div><\/div><\/div><div class=\"fusion-layout-column fusion_builder_column fusion-builder-column-7 fusion_builder_column_1_3 1_3 fusion-one-third\" style=\"width:33.333333333333%;width:calc(33.333333333333% - ( ( 4% + 4% ) * 0.33333333333333 ) );margin-right: 4%;margin-top:0px;margin-bottom:20px;\"><div class=\"fusion-column-wrapper fusion-flex-column-wrapper-legacy\" style=\"background-position:left top;background-blend-mode: overlay;background-repeat:no-repeat;-webkit-background-size:cover;-moz-background-size:cover;-o-background-size:cover;background-size:cover;padding: 0px 0px 0px 0px;\"><div class=\"fusion-text fusion-text-8\"><p>mediante autenticaci\u00f3n basada en certificados.<br \/>\nEl sistema registra todas las transferencias realizadas a trav\u00e9s del servicio de registro de transferencias (PSTaud); este registro puede realizarse en<\/p>\n<\/div><div class=\"fusion-clearfix\"><\/div><\/div><\/div><div class=\"fusion-layout-column fusion_builder_column fusion-builder-column-8 fusion_builder_column_1_3 1_3 fusion-one-third fusion-column-last\" style=\"width:33.333333333333%;width:calc(33.333333333333% - ( ( 4% + 4% ) * 0.33333333333333 ) );margin-top:0px;margin-bottom:20px;\"><div class=\"fusion-column-wrapper fusion-flex-column-wrapper-legacy\" style=\"background-position:left top;background-blend-mode: overlay;background-repeat:no-repeat;-webkit-background-size:cover;-moz-background-size:cover;-o-background-size:cover;background-size:cover;padding: 0px 0px 0px 0px;\"><div class=\"fusion-text fusion-text-9\"><p>una base de datos o en ficheros. Adicionalmente el sistema env\u00eda informaci\u00f3n de funcionamiento y de seguridad mediante eventos de SYSLOG en ambas redes.<\/p>\n<\/div><div class=\"fusion-clearfix\"><\/div><\/div><\/div><div class=\"fusion-layout-column fusion_builder_column fusion-builder-column-9 fusion_builder_column_1_1 1_1 fusion-one-full fusion-column-first fusion-column-last fusion-column-no-min-height\" style=\"margin-top:0px;margin-bottom:0px;\"><div class=\"fusion-column-wrapper fusion-flex-column-wrapper-legacy\" style=\"background-position:left top;background-repeat:no-repeat;-webkit-background-size:cover;-moz-background-size:cover;-o-background-size:cover;background-size:cover;padding: 0px 0px 0px 0px;\"><style type=\"text\/css\"><\/style><div class=\"fusion-title title fusion-title-2 fusion-title-text fusion-title-size-three\" style=\"margin-top:0px;margin-right:0px;margin-bottom:31px;margin-left:0px;\"><h3 class=\"title-heading-left\" style=\"margin:0;\">Documentos<\/h3><span class=\"awb-title-spacer\"><\/span><div class=\"title-sep-container\"><div class=\"title-sep sep-single sep-solid\" style=\"border-color:#666666;\"><\/div><\/div><\/div><div class=\"fusion-builder-row fusion-builder-row-inner fusion-row\"><div class=\"fusion-layout-column fusion_builder_column_inner fusion-builder-nested-column-0 fusion_builder_column_inner_1_1 1_1 fusion-one-full fusion-column-first fusion-column-last\" style=\"margin-top:0px;margin-bottom:20px;\"><div class=\"fusion-column-wrapper fusion-flex-column-wrapper-legacy\" style=\"background-position:left top;background-repeat:no-repeat;-webkit-background-size:cover;-moz-background-size:cover;-o-background-size:cover;background-size:cover;padding: 0px 0px 0px 0px;\"><ul class=\"fusion-checklist fusion-checklist-1\" style=\"font-size:14px;line-height:23.8px;\"><li style=\"background-color:rgba(255,255,255,0);\" class=\"fusion-li-item\"><span style=\"background-color:#607d8b;font-size:12.32px;height:23.8px;width:23.8px;margin-right:9.8px;\" class=\"icon-wrapper circle-yes\"><i class=\"fusion-li-icon fa-download fas\" style=\"color:#ffffff;\" aria-hidden=\"true\"><\/i><\/span><div class=\"fusion-li-item-content\" style=\"margin-left:33.6px;color:var(--awb-color8);\">\n<p><a href=\"https:\/\/www.ia.nato.int\/niapc\/Product\/PSTdiode-Data-Diode_773\">NATO Information Assurance Product Catalogue<\/a><\/p>\n<\/div><\/li><li style=\"background-color:rgba(255,255,255,0);\" class=\"fusion-li-item\"><span style=\"background-color:#607d8b;font-size:12.32px;height:23.8px;width:23.8px;margin-right:9.8px;\" class=\"icon-wrapper circle-yes\"><i class=\"fusion-li-icon fa-download fas\" style=\"color:#ffffff;\" aria-hidden=\"true\"><\/i><\/span><div class=\"fusion-li-item-content\" style=\"margin-left:33.6px;color:var(--awb-color8);\">\n<p><a href=\"https:\/\/oc.ccn.cni.es\/index.php\/en\/certified-products\/certified-products\/product-category\/30-data-diode\/398-autek-pstdiode-atkddl-version-1-0-0\">Certificado Common Criteria<\/a><\/p>\n<\/div><\/li><li style=\"background-color:rgba(255,255,255,0);\" class=\"fusion-li-item\"><span style=\"background-color:#607d8b;font-size:12.32px;height:23.8px;width:23.8px;margin-right:9.8px;\" class=\"icon-wrapper circle-yes\"><i class=\"fusion-li-icon fa-download fas\" style=\"color:#ffffff;\" aria-hidden=\"true\"><\/i><\/span><div class=\"fusion-li-item-content\" style=\"margin-left:33.6px;color:var(--awb-color8);\">\n<p><a title=\"Productos aprobados (CCN)\" href=\"https:\/\/oc.ccn.cni.es\/index.php\/es\/catalogo-productos-stic\/listado-de-productos-aprobados\/475-pstdiode-v1-0-0\" target=\"_blank\" rel=\"noopener noreferrer\">Productos aprobados (CCN)<\/a><\/p>\n<\/div><\/li><li style=\"background-color:rgba(255,255,255,0);\" class=\"fusion-li-item\"><span style=\"background-color:#607d8b;font-size:12.32px;height:23.8px;width:23.8px;margin-right:9.8px;\" class=\"icon-wrapper circle-yes\"><i class=\"fusion-li-icon fa-download fas\" style=\"color:#ffffff;\" aria-hidden=\"true\"><\/i><\/span><div class=\"fusion-li-item-content\" style=\"margin-left:33.6px;color:var(--awb-color8);\">\n<p><a title=\"Productos aprobados (CCN)\" href=\"https:\/\/doc.autek.es\/pstdiode_ds_541-226_es.pdf\" target=\"_blank\" rel=\"noopener noreferrer\">Documentaci\u00f3n comercial<\/a><\/p>\n<\/div><\/li><\/ul><div class=\"fusion-clearfix\"><\/div><\/div><\/div><\/div><div class=\"fusion-clearfix\"><\/div><\/div><\/div><div class=\"fusion-layout-column fusion_builder_column fusion-builder-column-10 fusion_builder_column_1_1 1_1 fusion-one-full fusion-column-first fusion-column-last fusion-column-no-min-height\" style=\"margin-top:0px;margin-bottom:0px;\"><div class=\"fusion-column-wrapper fusion-flex-column-wrapper-legacy\" style=\"background-position:left top;background-repeat:no-repeat;-webkit-background-size:cover;-moz-background-size:cover;-o-background-size:cover;background-size:cover;padding: 0px 0px 0px 0px;\"><style type=\"text\/css\"><\/style><div class=\"fusion-title title fusion-title-3 fusion-title-text fusion-title-size-three\" style=\"margin-top:0px;margin-right:0px;margin-bottom:31px;margin-left:0px;\"><h3 class=\"title-heading-left\" style=\"margin:0;\">Comercializaci\u00f3n<\/h3><span class=\"awb-title-spacer\"><\/span><div class=\"title-sep-container\"><div class=\"title-sep sep-single sep-solid\" style=\"border-color:#666666;\"><\/div><\/div><\/div><div class=\"fusion-text fusion-text-10\"><ul>\n<li>El producto incluye 5 a\u00f1os de garant\u00eda hardware con la opci\u00f3n de conservar los discos duros en caso de aver\u00eda (\u2018Keep your hard drive\u2019)<\/li>\n<li>1 a\u00f1o de mantenimiento: soporte remoto y actualizaciones peri\u00f3dicas<\/li>\n<\/ul>\n<\/div><div class=\"fusion-clearfix\"><\/div><\/div><\/div><\/div><style type=\"text\/css\">.fusion-fullwidth.fusion-builder-row-1 { overflow:visible; }<\/style><\/div>\n","protected":false},"excerpt":{"rendered":"","protected":false},"author":5,"featured_media":0,"parent":0,"menu_order":0,"comment_status":"open","ping_status":"open","template":"","meta":[],"_links":{"self":[{"href":"https:\/\/www.pstmail.eu\/es\/wp-json\/wp\/v2\/pages\/1916"}],"collection":[{"href":"https:\/\/www.pstmail.eu\/es\/wp-json\/wp\/v2\/pages"}],"about":[{"href":"https:\/\/www.pstmail.eu\/es\/wp-json\/wp\/v2\/types\/page"}],"author":[{"embeddable":true,"href":"https:\/\/www.pstmail.eu\/es\/wp-json\/wp\/v2\/users\/5"}],"replies":[{"embeddable":true,"href":"https:\/\/www.pstmail.eu\/es\/wp-json\/wp\/v2\/comments?post=1916"}],"version-history":[{"count":26,"href":"https:\/\/www.pstmail.eu\/es\/wp-json\/wp\/v2\/pages\/1916\/revisions"}],"predecessor-version":[{"id":2264,"href":"https:\/\/www.pstmail.eu\/es\/wp-json\/wp\/v2\/pages\/1916\/revisions\/2264"}],"wp:attachment":[{"href":"https:\/\/www.pstmail.eu\/es\/wp-json\/wp\/v2\/media?parent=1916"}],"curies":[{"name":"wp","href":"https:\/\/api.w.org\/{rel}","templated":true}]}}