{"id":701,"date":"2014-09-22T09:05:13","date_gmt":"2014-09-22T09:05:13","guid":{"rendered":"http:\/\/www.autek.es\/?page_id=701"},"modified":"2019-05-30T15:49:52","modified_gmt":"2019-05-30T15:49:52","slug":"copyright","status":"publish","type":"page","link":"https:\/\/www.pstmail.eu\/es\/copyright\/","title":{"rendered":"Copyright"},"content":{"rendered":"<div style=\"border: 0px solid #cc66cc; height: 400px;\">\n<div class=\"fusion-fullwidth fullwidth-box fusion-builder-row-1 hundred-percent-fullwidth non-hundred-percent-height-scrolling\" style=\"background-color: rgba(255,255,255,0);background-position: center center;background-repeat: no-repeat;padding-top:0px;padding-right:0px;padding-bottom:0px;padding-left:0px;margin-bottom: 0px;margin-top: 0px;border-width: 0px 0px 0px 0px;border-color:#eae9e9;border-style:solid;\" ><div class=\"fusion-builder-row fusion-row\"><div class=\"fusion-layout-column fusion_builder_column fusion-builder-column-0 fusion_builder_column_1_1 1_1 fusion-one-full fusion-column-first fusion-column-last fusion-column-no-min-height\" style=\"margin-top:0px;margin-bottom:0px;\"><div class=\"fusion-column-wrapper fusion-flex-column-wrapper-legacy\" style=\"background-position:left top;background-repeat:no-repeat;-webkit-background-size:cover;-moz-background-size:cover;-o-background-size:cover;background-size:cover;padding: 0px 0px 0px 0px;\"><style type=\"text\/css\"><\/style><div class=\"fusion-title title fusion-title-1 fusion-title-text fusion-title-size-two\" style=\"margin-top:0px;margin-right:0px;margin-bottom:31px;margin-left:0px;\"><h2 class=\"title-heading-left\" style=\"margin:0;\">Copyright<\/h2><span class=\"awb-title-spacer\"><\/span><div class=\"title-sep-container\"><div class=\"title-sep sep-double sep-solid\" style=\"border-color:#666666;\"><\/div><\/div><\/div>\n<p>Ninguna parte de este sitio web podr\u00e1 ser reproducida, total o parcialmente, incluso para uso personal, por cualquier medio y bajo cualquier forma, ya fuere permanente o transitoria. Tampoco est\u00e1n permitidos la traducci\u00f3n, adaptaci\u00f3n, arreglo o cualquier otra transformaci\u00f3n, modificaci\u00f3n y\/o manipulaci\u00f3n de todo o parte del sitio web, la transferencia de cualquier forma o por cualquier medio electr\u00f3nico, mec\u00e1nico, fotocopia, grabaci\u00f3n o cualquier otro sin el permiso previo por escrito de Autek Ingenier\u00eda, S.L.<\/p>\n<p>Los autores y responsables del presente sitio web han sido muy rigurosos en la preparaci\u00f3n del mismo pero no podemos ofrecer ninguna garant\u00eda ni asumir responsabilidad alguna por errores, omisiones o da\u00f1os producidos por la utilizaci\u00f3n de la informaci\u00f3n aqu\u00ed contenida.<\/p>\n<\/div>\n<div class=\"fusion-clearfix\"><\/div><\/div><\/div><\/div><style type=\"text\/css\">.fusion-fullwidth.fusion-builder-row-1 { overflow:visible; }<\/style><\/div>\n","protected":false},"excerpt":{"rendered":"","protected":false},"author":5,"featured_media":0,"parent":0,"menu_order":0,"comment_status":"open","ping_status":"open","template":"","meta":[],"_links":{"self":[{"href":"https:\/\/www.pstmail.eu\/es\/wp-json\/wp\/v2\/pages\/701"}],"collection":[{"href":"https:\/\/www.pstmail.eu\/es\/wp-json\/wp\/v2\/pages"}],"about":[{"href":"https:\/\/www.pstmail.eu\/es\/wp-json\/wp\/v2\/types\/page"}],"author":[{"embeddable":true,"href":"https:\/\/www.pstmail.eu\/es\/wp-json\/wp\/v2\/users\/5"}],"replies":[{"embeddable":true,"href":"https:\/\/www.pstmail.eu\/es\/wp-json\/wp\/v2\/comments?post=701"}],"version-history":[{"count":7,"href":"https:\/\/www.pstmail.eu\/es\/wp-json\/wp\/v2\/pages\/701\/revisions"}],"predecessor-version":[{"id":2065,"href":"https:\/\/www.pstmail.eu\/es\/wp-json\/wp\/v2\/pages\/701\/revisions\/2065"}],"wp:attachment":[{"href":"https:\/\/www.pstmail.eu\/es\/wp-json\/wp\/v2\/media?parent=701"}],"curies":[{"name":"wp","href":"https:\/\/api.w.org\/{rel}","templated":true}]}}